{"id":1464,"date":"2026-01-16T05:26:19","date_gmt":"2026-01-16T05:26:19","guid":{"rendered":"https:\/\/tjoyenter.fi\/?post_type=product&#038;p=1464"},"modified":"2026-01-16T05:26:19","modified_gmt":"2026-01-16T05:26:19","slug":"t-paita-juha-lagstrom-rookipaita","status":"publish","type":"product","link":"https:\/\/tjoyenter.fi\/en\/product\/t-paita-juha-lagstrom-rookipaita\/","title":{"rendered":"T-Paita &#8211; Juha Lagstr\u00f6m (R\u00f6\u00f6kipaita)"},"content":{"rendered":"<p><span style=\"font-weight: 400;\">Koot: S, M, L, XL, XXL, XXXL<\/span><\/p>\n<p><span style=\"font-weight: 400;\">Materiaali ja malli: Regular, Fruit Of The Loom<\/span><\/p>\n<p><span style=\"font-weight: 400;\">Klassikko jo syntyess\u00e4\u00e4n ja on sit\u00e4 edelleen. \u201dR\u00f6\u00f6kipaita\u201d nimell\u00e4 kulkeva T-Paita on saavuttanut l\u00e4hes kulttimaineen. Tilaa omasi!<\/span><\/p>","protected":false},"excerpt":{"rendered":"<p>Koot: S, M, L, XL, XXL, XXXL Materiaali ja malli: Regular, Fruit Of The Loom Klassikko jo syntyess\u00e4\u00e4n ja on sit\u00e4 edelleen. \u201dR\u00f6\u00f6kipaita\u201d nimell\u00e4 kulkeva T-Paita on saavuttanut l\u00e4hes kulttimaineen. Tilaa omasi!<\/p>","protected":false},"featured_media":1441,"template":"","meta":[],"product_cat":[28],"product_tag":[],"_links":{"self":[{"href":"https:\/\/tjoyenter.fi\/en\/wp-json\/wp\/v2\/product\/1464"}],"collection":[{"href":"https:\/\/tjoyenter.fi\/en\/wp-json\/wp\/v2\/product"}],"about":[{"href":"https:\/\/tjoyenter.fi\/en\/wp-json\/wp\/v2\/types\/product"}],"wp:featuredmedia":[{"embeddable":true,"href":"https:\/\/tjoyenter.fi\/en\/wp-json\/wp\/v2\/media\/1441"}],"wp:attachment":[{"href":"https:\/\/tjoyenter.fi\/en\/wp-json\/wp\/v2\/media?parent=1464"}],"wp:term":[{"taxonomy":"product_cat","embeddable":true,"href":"https:\/\/tjoyenter.fi\/en\/wp-json\/wp\/v2\/product_cat?post=1464"},{"taxonomy":"product_tag","embeddable":true,"href":"https:\/\/tjoyenter.fi\/en\/wp-json\/wp\/v2\/product_tag?post=1464"}],"curies":[{"name":"wp","href":"https:\/\/api.w.org\/{rel}","templated":true}]}}