{"id":1439,"date":"2026-01-16T05:15:47","date_gmt":"2026-01-16T05:15:47","guid":{"rendered":"https:\/\/tjoyenter.fi\/?post_type=product&#038;p=1439"},"modified":"2026-01-16T05:22:43","modified_gmt":"2026-01-16T05:22:43","slug":"t-paita-punainen-pohjalainen-ilman-tekstia","status":"publish","type":"product","link":"https:\/\/tjoyenter.fi\/en\/product\/t-paita-punainen-pohjalainen-ilman-tekstia\/","title":{"rendered":"T-Paita &#8211; Punainen pohjalainen (Ilman teksti\u00e4)"},"content":{"rendered":"<p><span style=\"font-weight: 400;\">Koot: S, M, L, XL, XXL, XXXL<\/span><\/p>\n<p><span style=\"font-weight: 400;\">Materiaali ja malli: Regular, Fruit Of The Loom<\/span><\/p>\n<p><span style=\"font-weight: 400;\">Juhlistetaan Juha Lagstr\u00f6min toista pitk\u00e4soittoa albumin nimikkopaidalla. Siit\u00e4 rohkea paita, n\u00e4in pohjalaisittain, rohkeille ihmisille.<\/span><\/p>","protected":false},"excerpt":{"rendered":"<p>Koot: S, M, L, XL, XXL, XXXL Materiaali ja malli: Regular, Fruit Of The Loom Juhlistetaan Juha Lagstr\u00f6min toista pitk\u00e4soittoa albumin nimikkopaidalla. Siit\u00e4 rohkea paita, n\u00e4in pohjalaisittain, rohkeille ihmisille.<\/p>","protected":false},"featured_media":1440,"template":"","meta":[],"product_cat":[28],"product_tag":[],"_links":{"self":[{"href":"https:\/\/tjoyenter.fi\/en\/wp-json\/wp\/v2\/product\/1439"}],"collection":[{"href":"https:\/\/tjoyenter.fi\/en\/wp-json\/wp\/v2\/product"}],"about":[{"href":"https:\/\/tjoyenter.fi\/en\/wp-json\/wp\/v2\/types\/product"}],"wp:featuredmedia":[{"embeddable":true,"href":"https:\/\/tjoyenter.fi\/en\/wp-json\/wp\/v2\/media\/1440"}],"wp:attachment":[{"href":"https:\/\/tjoyenter.fi\/en\/wp-json\/wp\/v2\/media?parent=1439"}],"wp:term":[{"taxonomy":"product_cat","embeddable":true,"href":"https:\/\/tjoyenter.fi\/en\/wp-json\/wp\/v2\/product_cat?post=1439"},{"taxonomy":"product_tag","embeddable":true,"href":"https:\/\/tjoyenter.fi\/en\/wp-json\/wp\/v2\/product_tag?post=1439"}],"curies":[{"name":"wp","href":"https:\/\/api.w.org\/{rel}","templated":true}]}}