{"id":1437,"date":"2026-01-16T05:12:06","date_gmt":"2026-01-16T05:12:06","guid":{"rendered":"https:\/\/tjoyenter.fi\/?post_type=product&#038;p=1437"},"modified":"2026-01-16T05:12:25","modified_gmt":"2026-01-16T05:12:25","slug":"juha-lagstrom-lapsista-kolmas-lp-cd","status":"publish","type":"product","link":"https:\/\/tjoyenter.fi\/en\/product\/juha-lagstrom-lapsista-kolmas-lp-cd\/","title":{"rendered":"Juha Lagstr\u00f6m \u2013 Lapsista kolmas LP (CD)"},"content":{"rendered":"<p><span style=\"font-weight: 400;\">Juha Lagstr\u00f6min hieno debyyttialbumi nyt saatavilla nettikaupastamme. T\u00e4st\u00e4 tulee mainio levy nyt samalla vaivalla, kun tilaat muuta roipetta. N\u00e4it\u00e4 ei en\u00e4\u00e4 ihan hirve\u00e4sti j\u00e4ljell\u00e4 ole.<\/span><\/p>","protected":false},"excerpt":{"rendered":"<p>Juha Lagstr\u00f6min hieno debyyttialbumi nyt saatavilla nettikaupastamme. T\u00e4st\u00e4 tulee mainio levy nyt samalla vaivalla, kun tilaat muuta roipetta. N\u00e4it\u00e4 ei en\u00e4\u00e4 ihan hirve\u00e4sti j\u00e4ljell\u00e4 ole.<\/p>","protected":false},"featured_media":1438,"template":"","meta":[],"product_cat":[30],"product_tag":[],"_links":{"self":[{"href":"https:\/\/tjoyenter.fi\/en\/wp-json\/wp\/v2\/product\/1437"}],"collection":[{"href":"https:\/\/tjoyenter.fi\/en\/wp-json\/wp\/v2\/product"}],"about":[{"href":"https:\/\/tjoyenter.fi\/en\/wp-json\/wp\/v2\/types\/product"}],"wp:featuredmedia":[{"embeddable":true,"href":"https:\/\/tjoyenter.fi\/en\/wp-json\/wp\/v2\/media\/1438"}],"wp:attachment":[{"href":"https:\/\/tjoyenter.fi\/en\/wp-json\/wp\/v2\/media?parent=1437"}],"wp:term":[{"taxonomy":"product_cat","embeddable":true,"href":"https:\/\/tjoyenter.fi\/en\/wp-json\/wp\/v2\/product_cat?post=1437"},{"taxonomy":"product_tag","embeddable":true,"href":"https:\/\/tjoyenter.fi\/en\/wp-json\/wp\/v2\/product_tag?post=1437"}],"curies":[{"name":"wp","href":"https:\/\/api.w.org\/{rel}","templated":true}]}}