{"id":1436,"date":"2026-01-16T05:11:05","date_gmt":"2026-01-16T05:11:05","guid":{"rendered":"https:\/\/tjoyenter.fi\/?post_type=product&#038;p=1436"},"modified":"2026-01-16T05:12:52","modified_gmt":"2026-01-16T05:12:52","slug":"juha-lagstrom-punainen-pohjalainen-lp-vinyyli","status":"publish","type":"product","link":"https:\/\/tjoyenter.fi\/en\/product\/juha-lagstrom-punainen-pohjalainen-lp-vinyyli\/","title":{"rendered":"Juha Lagstr\u00f6m &#8211; Punainen pohjalainen LP (Vinyyli)"},"content":{"rendered":"<p><span style=\"font-weight: 400;\">Ennakkotilattavissa (Julkaisu 27.1.2026)<\/span><\/p>\n<p><span style=\"font-weight: 400;\">Juha Lagstr\u00f6min upea toinen t\u00e4yspitk\u00e4 albumi nyt TJOY Entertainmentin nettikaupassa. Tilaa itsellesi t\u00e4st\u00e4 Vinyyli-LP, mink\u00e4 mukana saat my\u00f6s koodin digitaalista kuuntelunautintoa varten. T\u00e4\u00e4 on enempi kuin t\u00e4m\u00e4n vuoden pakollinen musiikkihankinta!<\/span><\/p>","protected":false},"excerpt":{"rendered":"<p>Ennakkotilattavissa (Julkaisu 27.1.2026) Juha Lagstr\u00f6min upea toinen t\u00e4yspitk\u00e4 albumi nyt TJOY Entertainmentin nettikaupassa. Tilaa itsellesi t\u00e4st\u00e4 Vinyyli-LP, mink\u00e4 mukana saat my\u00f6s koodin digitaalista kuuntelunautintoa varten. T\u00e4\u00e4 on enempi kuin t\u00e4m\u00e4n vuoden pakollinen musiikkihankinta!<\/p>","protected":false},"featured_media":1435,"template":"","meta":[],"product_cat":[30],"product_tag":[],"_links":{"self":[{"href":"https:\/\/tjoyenter.fi\/en\/wp-json\/wp\/v2\/product\/1436"}],"collection":[{"href":"https:\/\/tjoyenter.fi\/en\/wp-json\/wp\/v2\/product"}],"about":[{"href":"https:\/\/tjoyenter.fi\/en\/wp-json\/wp\/v2\/types\/product"}],"wp:featuredmedia":[{"embeddable":true,"href":"https:\/\/tjoyenter.fi\/en\/wp-json\/wp\/v2\/media\/1435"}],"wp:attachment":[{"href":"https:\/\/tjoyenter.fi\/en\/wp-json\/wp\/v2\/media?parent=1436"}],"wp:term":[{"taxonomy":"product_cat","embeddable":true,"href":"https:\/\/tjoyenter.fi\/en\/wp-json\/wp\/v2\/product_cat?post=1436"},{"taxonomy":"product_tag","embeddable":true,"href":"https:\/\/tjoyenter.fi\/en\/wp-json\/wp\/v2\/product_tag?post=1436"}],"curies":[{"name":"wp","href":"https:\/\/api.w.org\/{rel}","templated":true}]}}