{"id":1313,"date":"2024-05-27T20:21:49","date_gmt":"2024-05-27T20:21:49","guid":{"rendered":"https:\/\/tjoyenter.fi\/?post_type=product&#038;p=1313"},"modified":"2024-05-27T20:21:49","modified_gmt":"2024-05-27T20:21:49","slug":"harmaa-pardon-mielesta-ja-vastaan-cd-digipack","status":"publish","type":"product","link":"https:\/\/tjoyenter.fi\/en\/product\/harmaa-pardon-mielesta-ja-vastaan-cd-digipack\/","title":{"rendered":"HARMAA PARDON? &#8211; Mielest\u00e4 ja vastaan (CD-Digipack)"},"content":{"rendered":"<p class=\"p1\">Mielest\u00e4 ja vastaan albumilla sukellellaan ennen kaikkea ihmismielen ristiriitaisuuksien sopukoissa. Lyriikoissa on kuultavissa tavoitemin\u00e4n ja todellisen min\u00e4n alati k\u00e4yt\u00e4v\u00e4\u00e4 taistelua. Vastapuolelta l\u00f6ytyy kuitenkin my\u00f6s tarinankerrontaa, nykyihmisen ruodintaa sek\u00e4 ihan puhdasta rakkauttakin.<\/p>\n<p class=\"p1\">Mielest\u00e4 ja vastaan -albumin CD-Digipack tarjoaa massiivisen m\u00e4\u00e4r\u00e4n herkkua. 150 Kappaleen rajoitetun painoksen mukana saat fyysisen 12 sivuisen kirjasen, sis\u00e4lt\u00e4en kappaleiden sanoitukset. Mukana kirjasessa on my\u00f6s QR-koodi, jonka kautta p\u00e4\u00e4set Pardonin salaiseen maailmaan katselemaan kuvamateriaalia, lukemaan julkaisemattomien kappaleiden lyriikoita sek\u00e4 kuuntelemaan 6 biisin &#8221;Demosta ja vastaan&#8221; extra-albumin. Aikamoista!<\/p>","protected":false},"excerpt":{"rendered":"<p>Mielest\u00e4 ja vastaan albumilla sukellellaan ennen kaikkea ihmismielen ristiriitaisuuksien sopukoissa. Lyriikoissa on kuultavissa tavoitemin\u00e4n ja todellisen min\u00e4n alati k\u00e4yt\u00e4v\u00e4\u00e4 taistelua. Vastapuolelta l\u00f6ytyy kuitenkin my\u00f6s tarinankerrontaa, nykyihmisen ruodintaa sek\u00e4 ihan puhdasta rakkauttakin. Mielest\u00e4 ja vastaan -albumin CD-Digipack tarjoaa massiivisen m\u00e4\u00e4r\u00e4n herkkua. 150 Kappaleen rajoitetun painoksen mukana saat fyysisen 12 sivuisen kirjasen, sis\u00e4lt\u00e4en kappaleiden sanoitukset. Mukana kirjasessa [&hellip;]<\/p>","protected":false},"featured_media":1307,"template":"","meta":[],"product_cat":[30],"product_tag":[],"_links":{"self":[{"href":"https:\/\/tjoyenter.fi\/en\/wp-json\/wp\/v2\/product\/1313"}],"collection":[{"href":"https:\/\/tjoyenter.fi\/en\/wp-json\/wp\/v2\/product"}],"about":[{"href":"https:\/\/tjoyenter.fi\/en\/wp-json\/wp\/v2\/types\/product"}],"wp:featuredmedia":[{"embeddable":true,"href":"https:\/\/tjoyenter.fi\/en\/wp-json\/wp\/v2\/media\/1307"}],"wp:attachment":[{"href":"https:\/\/tjoyenter.fi\/en\/wp-json\/wp\/v2\/media?parent=1313"}],"wp:term":[{"taxonomy":"product_cat","embeddable":true,"href":"https:\/\/tjoyenter.fi\/en\/wp-json\/wp\/v2\/product_cat?post=1313"},{"taxonomy":"product_tag","embeddable":true,"href":"https:\/\/tjoyenter.fi\/en\/wp-json\/wp\/v2\/product_tag?post=1313"}],"curies":[{"name":"wp","href":"https:\/\/api.w.org\/{rel}","templated":true}]}}