{"id":1189,"date":"2024-01-05T15:06:29","date_gmt":"2024-01-05T15:06:29","guid":{"rendered":"https:\/\/tjoyenter.fi\/?post_type=product&#038;p=1189"},"modified":"2024-05-27T20:24:31","modified_gmt":"2024-05-27T20:24:31","slug":"harmaa-pardon-by-kiikku-records-premium-huppari","status":"publish","type":"product","link":"https:\/\/tjoyenter.fi\/en\/product\/harmaa-pardon-by-kiikku-records-premium-huppari\/","title":{"rendered":"HARMAA PARDON? By Kiikku Records  Premium Huppari"},"content":{"rendered":"<p style=\"font-weight: 400;\">Koot: M-XL<\/p>\n<p style=\"font-weight: 400;\">Laatu: Premium<\/p>\n<p style=\"font-weight: 400;\">V\u00e4ri: Musta<\/p>\n<p style=\"font-weight: 400;\">Pesu: V\u00e4lill\u00e4 suositeltavaa ja 40 C<\/p>","protected":false},"excerpt":{"rendered":"<p>Koot: M-XL Laatu: Premium V\u00e4ri: Musta Pesu: V\u00e4lill\u00e4 suositeltavaa ja 40 C<\/p>","protected":false},"featured_media":1190,"template":"","meta":[],"product_cat":[29],"product_tag":[],"_links":{"self":[{"href":"https:\/\/tjoyenter.fi\/en\/wp-json\/wp\/v2\/product\/1189"}],"collection":[{"href":"https:\/\/tjoyenter.fi\/en\/wp-json\/wp\/v2\/product"}],"about":[{"href":"https:\/\/tjoyenter.fi\/en\/wp-json\/wp\/v2\/types\/product"}],"wp:featuredmedia":[{"embeddable":true,"href":"https:\/\/tjoyenter.fi\/en\/wp-json\/wp\/v2\/media\/1190"}],"wp:attachment":[{"href":"https:\/\/tjoyenter.fi\/en\/wp-json\/wp\/v2\/media?parent=1189"}],"wp:term":[{"taxonomy":"product_cat","embeddable":true,"href":"https:\/\/tjoyenter.fi\/en\/wp-json\/wp\/v2\/product_cat?post=1189"},{"taxonomy":"product_tag","embeddable":true,"href":"https:\/\/tjoyenter.fi\/en\/wp-json\/wp\/v2\/product_tag?post=1189"}],"curies":[{"name":"wp","href":"https:\/\/api.w.org\/{rel}","templated":true}]}}