{"id":1183,"date":"2024-01-05T15:01:45","date_gmt":"2024-01-05T15:01:45","guid":{"rendered":"https:\/\/tjoyenter.fi\/?post_type=product&#038;p=1183"},"modified":"2024-01-05T20:31:40","modified_gmt":"2024-01-05T20:31:40","slug":"harmaa-pardon-by-kiikku-records-premium-t-paita","status":"publish","type":"product","link":"https:\/\/tjoyenter.fi\/en\/product\/harmaa-pardon-by-kiikku-records-premium-t-paita\/","title":{"rendered":"HARMAA PARDON? By Kiikku Records  Premium T-Paita"},"content":{"rendered":"<p>Koot: M-XL<\/p>\n<p>Laatu: Premium<\/p>\n<p>V\u00e4ri: Musta<\/p>\n<p>Pesu: V\u00e4lill\u00e4 suositeltavaa ja 40 C<\/p>","protected":false},"excerpt":{"rendered":"<p>Koot: M-XL Laatu: Premium V\u00e4ri: Musta Pesu: V\u00e4lill\u00e4 suositeltavaa ja 40 C<\/p>","protected":false},"featured_media":1186,"template":"","meta":[],"product_cat":[28],"product_tag":[],"_links":{"self":[{"href":"https:\/\/tjoyenter.fi\/en\/wp-json\/wp\/v2\/product\/1183"}],"collection":[{"href":"https:\/\/tjoyenter.fi\/en\/wp-json\/wp\/v2\/product"}],"about":[{"href":"https:\/\/tjoyenter.fi\/en\/wp-json\/wp\/v2\/types\/product"}],"wp:featuredmedia":[{"embeddable":true,"href":"https:\/\/tjoyenter.fi\/en\/wp-json\/wp\/v2\/media\/1186"}],"wp:attachment":[{"href":"https:\/\/tjoyenter.fi\/en\/wp-json\/wp\/v2\/media?parent=1183"}],"wp:term":[{"taxonomy":"product_cat","embeddable":true,"href":"https:\/\/tjoyenter.fi\/en\/wp-json\/wp\/v2\/product_cat?post=1183"},{"taxonomy":"product_tag","embeddable":true,"href":"https:\/\/tjoyenter.fi\/en\/wp-json\/wp\/v2\/product_tag?post=1183"}],"curies":[{"name":"wp","href":"https:\/\/api.w.org\/{rel}","templated":true}]}}