{"id":583,"date":"2022-11-01T07:33:26","date_gmt":"2022-11-01T07:33:26","guid":{"rendered":"https:\/\/tjoyenter.fi\/?page_id=583"},"modified":"2022-12-08T21:25:11","modified_gmt":"2022-12-08T21:25:11","slug":"myrskypojat","status":"publish","type":"page","link":"https:\/\/tjoyenter.fi\/en\/myrskypojat\/","title":{"rendered":"Myrskypojat (Stormboys)"},"content":{"rendered":"<div data-elementor-type=\"wp-page\" data-elementor-id=\"583\" class=\"elementor elementor-583\">\n\t\t\t\t\t\t\t\t\t<section class=\"elementor-section elementor-top-section elementor-element elementor-element-5984f68 elementor-section-full_width elementor-section-height-default elementor-section-height-default\" data-id=\"5984f68\" data-element_type=\"section\">\n\t\t\t\t\t\t<div class=\"elementor-container elementor-column-gap-default\">\n\t\t\t\t\t<div class=\"elementor-column elementor-col-100 elementor-top-column elementor-element elementor-element-09d8acd\" data-id=\"09d8acd\" data-element_type=\"column\">\n\t\t\t<div class=\"elementor-widget-wrap elementor-element-populated\">\n\t\t\t\t\t\t\t\t<div class=\"elementor-element elementor-element-e4fa1f6 elementor-widget elementor-widget-heading\" data-id=\"e4fa1f6\" data-element_type=\"widget\" data-widget_type=\"heading.default\">\n\t\t\t\t<div class=\"elementor-widget-container\">\n\t\t\t<style>\/*! elementor - v3.8.0 - 30-10-2022 *\/\n.elementor-heading-title{padding:0;margin:0;line-height:1}.elementor-widget-heading .elementor-heading-title[class*=elementor-size-]>a{color:inherit;font-size:inherit;line-height:inherit}.elementor-widget-heading .elementor-heading-title.elementor-size-small{font-size:15px}.elementor-widget-heading .elementor-heading-title.elementor-size-medium{font-size:19px}.elementor-widget-heading .elementor-heading-title.elementor-size-large{font-size:29px}.elementor-widget-heading .elementor-heading-title.elementor-size-xl{font-size:39px}.elementor-widget-heading .elementor-heading-title.elementor-size-xxl{font-size:59px}<\/style><h5 class=\"elementor-heading-title elementor-size-default\">Bands<\/h5>\t\t<\/div>\n\t\t\t\t<\/div>\n\t\t\t\t<div class=\"elementor-element elementor-element-393f15a elementor-widget elementor-widget-heading\" data-id=\"393f15a\" data-element_type=\"widget\" data-widget_type=\"heading.default\">\n\t\t\t\t<div class=\"elementor-widget-container\">\n\t\t\t<h2 class=\"elementor-heading-title elementor-size-default\">Myrskypojat (Stormboys)<\/h2>\t\t<\/div>\n\t\t\t\t<\/div>\n\t\t\t\t\t<\/div>\n\t\t<\/div>\n\t\t\t\t\t\t\t<\/div>\n\t\t<\/section>\n\t\t\t\t<section class=\"elementor-section elementor-top-section elementor-element elementor-element-101b855 elementor-section-full_width elementor-section-height-default elementor-section-height-default\" data-id=\"101b855\" data-element_type=\"section\" data-settings=\"{&quot;background_background&quot;:&quot;classic&quot;}\">\n\t\t\t\t\t\t<div class=\"elementor-container elementor-column-gap-default\">\n\t\t\t\t\t<div class=\"elementor-column elementor-col-50 elementor-top-column elementor-element elementor-element-89983e5\" data-id=\"89983e5\" data-element_type=\"column\">\n\t\t\t<div class=\"elementor-widget-wrap elementor-element-populated\">\n\t\t\t\t\t\t\t\t<div class=\"elementor-element elementor-element-9c32eaf elementor-widget elementor-widget-image\" data-id=\"9c32eaf\" data-element_type=\"widget\" data-widget_type=\"image.default\">\n\t\t\t\t<div class=\"elementor-widget-container\">\n\t\t\t<style>\/*! elementor - v3.8.0 - 30-10-2022 *\/\n.elementor-widget-image{text-align:center}.elementor-widget-image a{display:inline-block}.elementor-widget-image a img[src$=\".svg\"]{width:48px}.elementor-widget-image img{vertical-align:middle;display:inline-block}<\/style>\t\t\t\t\t\t\t\t\t\t\t\t<img width=\"660\" height=\"432\" src=\"https:\/\/tjoyenter.fi\/wp-content\/uploads\/2022\/11\/Image-2.jpeg\" class=\"attachment-large size-large\" alt=\"\" loading=\"lazy\" srcset=\"https:\/\/tjoyenter.fi\/wp-content\/uploads\/2022\/11\/Image-2.jpeg 660w, https:\/\/tjoyenter.fi\/wp-content\/uploads\/2022\/11\/Image-2-300x196.jpeg 300w, https:\/\/tjoyenter.fi\/wp-content\/uploads\/2022\/11\/Image-2-600x393.jpeg 600w\" sizes=\"(max-width: 660px) 100vw, 660px\" \/>\t\t\t\t\t\t\t\t\t\t\t\t\t\t\t<\/div>\n\t\t\t\t<\/div>\n\t\t\t\t\t<\/div>\n\t\t<\/div>\n\t\t\t\t<div class=\"elementor-column elementor-col-50 elementor-top-column elementor-element elementor-element-7e8b306\" data-id=\"7e8b306\" data-element_type=\"column\">\n\t\t\t<div class=\"elementor-widget-wrap elementor-element-populated\">\n\t\t\t\t\t\t\t\t<div class=\"elementor-element elementor-element-4a9d1b9 elementor-widget elementor-widget-heading\" data-id=\"4a9d1b9\" data-element_type=\"widget\" data-widget_type=\"heading.default\">\n\t\t\t\t<div class=\"elementor-widget-container\">\n\t\t\t<h2 class=\"elementor-heading-title elementor-size-default\">Charismatic striving<\/h2>\t\t<\/div>\n\t\t\t\t<\/div>\n\t\t\t\t<div class=\"elementor-element elementor-element-5e0cb6d elementor-widget elementor-widget-text-editor\" data-id=\"5e0cb6d\" data-element_type=\"widget\" data-widget_type=\"text-editor.default\">\n\t\t\t\t<div class=\"elementor-widget-container\">\n\t\t\t<style>\/*! elementor - v3.8.0 - 30-10-2022 *\/\n.elementor-widget-text-editor.elementor-drop-cap-view-stacked .elementor-drop-cap{background-color:#818a91;color:#fff}.elementor-widget-text-editor.elementor-drop-cap-view-framed .elementor-drop-cap{color:#818a91;border:3px solid;background-color:transparent}.elementor-widget-text-editor:not(.elementor-drop-cap-view-default) .elementor-drop-cap{margin-top:8px}.elementor-widget-text-editor:not(.elementor-drop-cap-view-default) .elementor-drop-cap-letter{width:1em;height:1em}.elementor-widget-text-editor .elementor-drop-cap{float:left;text-align:center;line-height:1;font-size:50px}.elementor-widget-text-editor .elementor-drop-cap-letter{display:inline-block}<\/style>\t\t\t\t<p>Myrskypojat offers pop from 80-90s feels on a silver plate. Group of four doing expiremental hitpop in Finnish will most certainly leave you speechless. These gentlemen doesn't leave any mystery behind. Or so I would believe..<\/p>\n<p>Myrskyisest\u00e4 l\u00e4hi\u00f6st\u00e4 menestykseen ponnistavan kasvottoman poppariseurueen tunnistaa kuitenkin kansallisromanttisesta pilkkeest\u00e4 silm\u00e4kulmassa. Musiikilliset ja ulkomusiikilliset vibat ovat varmasti faneille mieleen laajalla ik\u00e4skaalalla. Ihan takuulla. Uuh.<\/p>\n<p>Myrskypoikien debyyttituplasingle ilmestyi joulukuun toinen p\u00e4iv\u00e4 2022 ja &#8221;Yhdeks\u00e4s Joulu&#8221; nime\u00e4 kantava l\u00e4hes eeppinen teos saapui ihmisten joulumieliin, todenn\u00e4k\u00f6isesti pysyv\u00e4sti, viikkoa my\u00f6hemmin. Tuplasinglen biisit \u201dMyrskyl\u00e4\u201d ja \u201dTuu Takas\u201d ovat porautuneet jo l\u00e4htem\u00e4tt\u00f6m\u00e4sti sankan fanijoukon ihon alle. Myrskypoikien tuotantoa p\u00e4\u00e4see kuuntelemaan kaikissa suoratoistopalveluissa. Nyt. Ai ettien ett\u00e4.<\/p>\n<p>TJOY Entertainmentin mediavastaavan haastattelussa hele\u00e4-\u00e4\u00e4niselt\u00e4 Juhani Hakom\u00e4elt\u00e4 kysyttiin, ett\u00e4 mik\u00e4 Myrskypoikien salaisuus on. &#8221;No, me ja siis meid\u00e4n biisit ollaan niinku tarttuvii. Silleen niinku haju, joka ei l\u00e4he iholta ees saippuapesus vege. Se dunkkis vaan niinku leijuu. Tai niinku joku tauti ti\u00e4ts\u00e4. T\u00e4\u00e4 on niinku mageet, niinku ihan leffaa bro. Mut bro, ei meil oo niinku mit\u00e4\u00e4n tautei. Viel. Mut silleen jalat maas menn\u00e4\u00e4n vaik keikkoiki on jo tarjottu ja joulupiparii ja kaikkee. Ti\u00e4ts\u00e4?&#8221;<\/p>\n<p>&#8221;Ja sit toi Yhdeks\u00e4s Joulu on niinku varmaan aika moneen potenssiin esim niinku &#8221;Sika&#8221; tai &#8221;Oi Jouluy\u00f6&#8221; tai muut noi niinku maailman kovimmat joulustyget. Mut Tapani k\u00e4ski mei\u00e4n heebojen kans menn\u00e4 kolme jalkaa maassa ja leuka rinnas, ni niin me sit nyt niinku menn\u00e4\u00e4n. Ti\u00e4ts\u00e4 n\u00f6yr\u00e4sti. Ti\u00e4ts\u00e4.&#8221;&nbsp;<\/p>\n<p>Ett\u00e4 semmosta. Mutta on kyll\u00e4 k\u00e4sitt\u00e4m\u00e4tt\u00f6m\u00e4n lahjakas popparijengi. Myrskypojat &#8211; ihan timankia ja pikkasen orankiakin.<\/p>\n<p>Myrskypojat are:<br>Juhani Hakom\u00e4ki - Vocals<br>Verneri Niemel\u00e4 - Vocals<br>Johannes Niemel\u00e4 - Vocals<br>Filip J\u00e5fs - beats, drums, bass, syths and horny melodies<\/p>\n<p>Manager: Tapani Paananen<\/p>\t\t\t\t\t\t<\/div>\n\t\t\t\t<\/div>\n\t\t\t\t\t<\/div>\n\t\t<\/div>\n\t\t\t\t\t\t\t<\/div>\n\t\t<\/section>\n\t\t\t\t\t\t\t<\/div>","protected":false},"excerpt":{"rendered":"<p>B\u00c4NDIT Myrskypojat KARISMAATTISTA HAVITTELUA Myrskypojat tarjoilee poppia 80-90 -lukujen tunnelmissa hopealautasella. Kokeilevaa hittipoppia suomeksi v\u00e4\u00e4nt\u00e4v\u00e4 kultainen nelikko nostattaa fiilist\u00e4 takuujytkeell\u00e4 ja heleill\u00e4 melodioilla. Mysteerej\u00e4 ei t\u00e4st\u00e4 musikaalisesta herraseurueesta puutu. Tai luulen ainakin, ett\u00e4 kyseess\u00e4 on kolmijalkaiset. Myrskyisest\u00e4 l\u00e4hi\u00f6st\u00e4 menestykseen ponnistavan kasvottoman poppariseurueen tunnistaa kuitenkin kansallisromanttisesta pilkkeest\u00e4 silm\u00e4kulmassa. Musiikilliset ja ulkomusiikilliset vibat ovat varmasti faneille mieleen [&hellip;]<\/p>","protected":false},"author":1,"featured_media":0,"parent":0,"menu_order":0,"comment_status":"closed","ping_status":"closed","template":"","meta":[],"_links":{"self":[{"href":"https:\/\/tjoyenter.fi\/en\/wp-json\/wp\/v2\/pages\/583"}],"collection":[{"href":"https:\/\/tjoyenter.fi\/en\/wp-json\/wp\/v2\/pages"}],"about":[{"href":"https:\/\/tjoyenter.fi\/en\/wp-json\/wp\/v2\/types\/page"}],"author":[{"embeddable":true,"href":"https:\/\/tjoyenter.fi\/en\/wp-json\/wp\/v2\/users\/1"}],"replies":[{"embeddable":true,"href":"https:\/\/tjoyenter.fi\/en\/wp-json\/wp\/v2\/comments?post=583"}],"version-history":[{"count":51,"href":"https:\/\/tjoyenter.fi\/en\/wp-json\/wp\/v2\/pages\/583\/revisions"}],"predecessor-version":[{"id":1076,"href":"https:\/\/tjoyenter.fi\/en\/wp-json\/wp\/v2\/pages\/583\/revisions\/1076"}],"wp:attachment":[{"href":"https:\/\/tjoyenter.fi\/en\/wp-json\/wp\/v2\/media?parent=583"}],"curies":[{"name":"wp","href":"https:\/\/api.w.org\/{rel}","templated":true}]}}