{"id":16,"date":"2022-06-08T20:28:01","date_gmt":"2022-06-08T20:28:01","guid":{"rendered":"https:\/\/tjoyenter.fi\/?page_id=16"},"modified":"2026-01-16T04:59:07","modified_gmt":"2026-01-16T04:59:07","slug":"harmaa-pardon","status":"publish","type":"page","link":"https:\/\/tjoyenter.fi\/en\/harmaa-pardon\/","title":{"rendered":"Harmaa Pardon?"},"content":{"rendered":"<div data-elementor-type=\"wp-page\" data-elementor-id=\"16\" class=\"elementor elementor-16\">\n\t\t\t\t\t\t\t\t\t<section class=\"elementor-section elementor-top-section elementor-element elementor-element-84af5a3 elementor-section-full_width elementor-section-height-default elementor-section-height-default\" data-id=\"84af5a3\" data-element_type=\"section\">\n\t\t\t\t\t\t<div class=\"elementor-container elementor-column-gap-default\">\n\t\t\t\t\t<div class=\"elementor-column elementor-col-100 elementor-top-column elementor-element elementor-element-c7bd423\" data-id=\"c7bd423\" data-element_type=\"column\">\n\t\t\t<div class=\"elementor-widget-wrap elementor-element-populated\">\n\t\t\t\t\t\t\t\t<div class=\"elementor-element elementor-element-6446cc4 elementor-widget elementor-widget-heading\" data-id=\"6446cc4\" data-element_type=\"widget\" data-widget_type=\"heading.default\">\n\t\t\t\t<div class=\"elementor-widget-container\">\n\t\t\t<style>\/*! elementor - v3.8.0 - 30-10-2022 *\/\n.elementor-heading-title{padding:0;margin:0;line-height:1}.elementor-widget-heading .elementor-heading-title[class*=elementor-size-]>a{color:inherit;font-size:inherit;line-height:inherit}.elementor-widget-heading .elementor-heading-title.elementor-size-small{font-size:15px}.elementor-widget-heading .elementor-heading-title.elementor-size-medium{font-size:19px}.elementor-widget-heading .elementor-heading-title.elementor-size-large{font-size:29px}.elementor-widget-heading .elementor-heading-title.elementor-size-xl{font-size:39px}.elementor-widget-heading .elementor-heading-title.elementor-size-xxl{font-size:59px}<\/style><h5 class=\"elementor-heading-title elementor-size-default\">Bands<\/h5>\t\t<\/div>\n\t\t\t\t<\/div>\n\t\t\t\t<div class=\"elementor-element elementor-element-7339ffe elementor-widget elementor-widget-heading\" data-id=\"7339ffe\" data-element_type=\"widget\" data-widget_type=\"heading.default\">\n\t\t\t\t<div class=\"elementor-widget-container\">\n\t\t\t<h2 class=\"elementor-heading-title elementor-size-default\">HARMAA<br>PARDON?<\/h2>\t\t<\/div>\n\t\t\t\t<\/div>\n\t\t\t\t\t<\/div>\n\t\t<\/div>\n\t\t\t\t\t\t\t<\/div>\n\t\t<\/section>\n\t\t\t\t<section class=\"elementor-section elementor-top-section elementor-element elementor-element-0893f83 elementor-section-full_width elementor-section-height-default elementor-section-height-default\" data-id=\"0893f83\" data-element_type=\"section\" data-settings=\"{&quot;background_background&quot;:&quot;classic&quot;}\">\n\t\t\t\t\t\t<div class=\"elementor-container elementor-column-gap-default\">\n\t\t\t\t\t<div class=\"elementor-column elementor-col-50 elementor-top-column elementor-element elementor-element-edb428e\" data-id=\"edb428e\" data-element_type=\"column\">\n\t\t\t<div class=\"elementor-widget-wrap elementor-element-populated\">\n\t\t\t\t\t\t\t\t<div class=\"elementor-element elementor-element-9c2a852 elementor-widget elementor-widget-image\" data-id=\"9c2a852\" data-element_type=\"widget\" data-widget_type=\"image.default\">\n\t\t\t\t<div class=\"elementor-widget-container\">\n\t\t\t<style>\/*! elementor - v3.8.0 - 30-10-2022 *\/\n.elementor-widget-image{text-align:center}.elementor-widget-image a{display:inline-block}.elementor-widget-image a img[src$=\".svg\"]{width:48px}.elementor-widget-image img{vertical-align:middle;display:inline-block}<\/style>\t\t\t\t\t\t\t\t\t\t\t\t<img width=\"600\" height=\"600\" src=\"https:\/\/tjoyenter.fi\/wp-content\/uploads\/2024\/05\/harmaa-pardon.jpg\" class=\"attachment-full size-full\" alt=\"\" loading=\"lazy\" srcset=\"https:\/\/tjoyenter.fi\/wp-content\/uploads\/2024\/05\/harmaa-pardon.jpg 600w, https:\/\/tjoyenter.fi\/wp-content\/uploads\/2024\/05\/harmaa-pardon-300x300.jpg 300w, https:\/\/tjoyenter.fi\/wp-content\/uploads\/2024\/05\/harmaa-pardon-150x150.jpg 150w, https:\/\/tjoyenter.fi\/wp-content\/uploads\/2024\/05\/harmaa-pardon-12x12.jpg 12w, https:\/\/tjoyenter.fi\/wp-content\/uploads\/2024\/05\/harmaa-pardon-100x100.jpg 100w\" sizes=\"(max-width: 600px) 100vw, 600px\" \/>\t\t\t\t\t\t\t\t\t\t\t\t\t\t\t<\/div>\n\t\t\t\t<\/div>\n\t\t\t\t\t<\/div>\n\t\t<\/div>\n\t\t\t\t<div class=\"elementor-column elementor-col-50 elementor-top-column elementor-element elementor-element-799165e\" data-id=\"799165e\" data-element_type=\"column\">\n\t\t\t<div class=\"elementor-widget-wrap elementor-element-populated\">\n\t\t\t\t\t\t\t\t<div class=\"elementor-element elementor-element-9780175 elementor-widget elementor-widget-heading\" data-id=\"9780175\" data-element_type=\"widget\" data-widget_type=\"heading.default\">\n\t\t\t\t<div class=\"elementor-widget-container\">\n\t\t\t<h2 class=\"elementor-heading-title elementor-size-default\">Kurkkuun juuttunut anteeksipyynt\u00f6?<\/h2>\t\t<\/div>\n\t\t\t\t<\/div>\n\t\t\t\t<div class=\"elementor-element elementor-element-9ed052e elementor-widget elementor-widget-text-editor\" data-id=\"9ed052e\" data-element_type=\"widget\" data-widget_type=\"text-editor.default\">\n\t\t\t\t<div class=\"elementor-widget-container\">\n\t\t\t<style>\/*! elementor - v3.8.0 - 30-10-2022 *\/\n.elementor-widget-text-editor.elementor-drop-cap-view-stacked .elementor-drop-cap{background-color:#818a91;color:#fff}.elementor-widget-text-editor.elementor-drop-cap-view-framed .elementor-drop-cap{color:#818a91;border:3px solid;background-color:transparent}.elementor-widget-text-editor:not(.elementor-drop-cap-view-default) .elementor-drop-cap{margin-top:8px}.elementor-widget-text-editor:not(.elementor-drop-cap-view-default) .elementor-drop-cap-letter{width:1em;height:1em}.elementor-widget-text-editor .elementor-drop-cap{float:left;text-align:center;line-height:1;font-size:50px}.elementor-widget-text-editor .elementor-drop-cap-letter{display:inline-block}<\/style>\t\t\t\t<p>HARMAA PARDON? on suomenkielist\u00e4 modernia rocktykityst\u00e4 perinteisess\u00e4 1990-2000 hengess\u00e4. Genrein\u00e4 ovat rock, hard rock, poprock ja punkahtaviakin ralleja l\u00f6ytyy. HARMAA PARDON? yhtyeen ytimen muodostavat aikuiset pohojammaan pojat Jaakko Piri ja Gary Keskinen. Kaksikko kirjoittaa biisit ja soittaa rumpuja lukuunottamatta kaikki muut instrumentit. Jaakko r\u00e4mpytt\u00e4\u00e4 my\u00f6s \u00e4\u00e4nihuulia. Rumpuja uudella tuotannolla paukuttavat timanttiset Teijo J\u00e4ms\u00e4 ja Gas Lipstick. \u00c4\u00e4nityksist\u00e4 vastaa Kiikku Records ja miksausp\u00f6yd\u00e4n takana namiskoja v\u00e4\u00e4ntelee herra Janne Saksa, Sound Supremelta.<\/p><p>Musiikkia tehd\u00e4\u00e4n vakavasti ja kokeilunhaluisesti, mutta ennen kaikkea hyv\u00e4ll\u00e4 mielell\u00e4. Anteeksi ei pyydell\u00e4, mutta annetaan kyll\u00e4. Audiovisuaaliset tuotannot sek\u00e4 biisitehtaana toimiminen ovat osa Pardonin normaalia arkea.<\/p><p><span style=\"font-weight: 400;\">HARMAA PARDON? julkaisi debyyttialbuminsa \u201dMielest\u00e4 ja vastaan\u201d 17.05.2024. T\u00e4t\u00e4 ennen on pudoteltu singlej\u00e4 tasaiseen tahtiin suoratoistopalveluihin. Tarinan alussa, vuoden 2022 alkupuoliskolla, Pardon julkaisi DIY meiningill\u00e4 tehty\u00e4 musiikkia nelj\u00e4n singlen verran. Marraskuussa 2022 julkaistiin sitten viides \u201dKivet\u201d nime\u00e4 kantava isompi single. Kivet pomppasi heti kertalaakista musiikin raskaaseen sarjaan, kun sill\u00e4 oli merkitt\u00e4v\u00e4 osuus menestyselokuvassa Lapua 1976. Vaikkakin lopulta lopputeksteihin valikoitui Pardonin tuoreempi biisi \u201d40 Viimeist\u00e4 henk\u00e4yst\u00e4\u201d.<\/span><\/p><p><span style=\"font-weight: 400;\">Uusin tuotanto on otettu suoratoistopalveluissa avosylin vastaan ja HARMAA PARDON? onkin ollut rock-listojen vakiob\u00e4ndi. B\u00e4ndi on soinut my\u00f6s radiokanavilla kokoaan isomman m\u00e4\u00e4r\u00e4n. Pardonin albumista julkaistaan \u201dDeluxe Edition\u201d vuonna 2026 ja se sis\u00e4lt\u00e4\u00e4 bonustr\u00e4kkej\u00e4, sek\u00e4 aiemmin julkaisemattomia biisej\u00e4.<\/span><\/p>\t\t\t\t\t\t<\/div>\n\t\t\t\t<\/div>\n\t\t\t\t<div class=\"elementor-element elementor-element-0fd2716 elementor-widget elementor-widget-heading\" data-id=\"0fd2716\" data-element_type=\"widget\" data-widget_type=\"heading.default\">\n\t\t\t\t<div class=\"elementor-widget-container\">\n\t\t\t<h2 class=\"elementor-heading-title elementor-size-default\">Listen to us by clicking the logo!<\/h2>\t\t<\/div>\n\t\t\t\t<\/div>\n\t\t\t\t<div class=\"elementor-element elementor-element-e99c83a elementor-widget elementor-widget-image\" data-id=\"e99c83a\" data-element_type=\"widget\" data-widget_type=\"image.default\">\n\t\t\t\t<div class=\"elementor-widget-container\">\n\t\t\t\t\t\t\t\t\t\t\t\t\t\t\t\t<a href=\"https:\/\/open.spotify.com\/artist\/0EM7NoIp4BnV10Meb3DDcX?si=DFiSZVypRcGdKfJ0D8x60Q\" target=\"_blank\" rel=\"noopener\">\n\t\t\t\t\t\t\t<img width=\"800\" height=\"240\" src=\"https:\/\/tjoyenter.fi\/wp-content\/uploads\/2022\/08\/Spotify_Logo_CMYK_White-1024x307.png\" class=\"attachment-large size-large\" alt=\"\" loading=\"lazy\" srcset=\"https:\/\/tjoyenter.fi\/wp-content\/uploads\/2022\/08\/Spotify_Logo_CMYK_White-1024x307.png 1024w, https:\/\/tjoyenter.fi\/wp-content\/uploads\/2022\/08\/Spotify_Logo_CMYK_White-300x90.png 300w, https:\/\/tjoyenter.fi\/wp-content\/uploads\/2022\/08\/Spotify_Logo_CMYK_White-768x230.png 768w, https:\/\/tjoyenter.fi\/wp-content\/uploads\/2022\/08\/Spotify_Logo_CMYK_White-1536x460.png 1536w, https:\/\/tjoyenter.fi\/wp-content\/uploads\/2022\/08\/Spotify_Logo_CMYK_White-2048x614.png 2048w, https:\/\/tjoyenter.fi\/wp-content\/uploads\/2022\/08\/Spotify_Logo_CMYK_White-600x180.png 600w\" sizes=\"(max-width: 800px) 100vw, 800px\" \/>\t\t\t\t\t\t\t\t<\/a>\n\t\t\t\t\t\t\t\t\t\t\t\t\t\t\t<\/div>\n\t\t\t\t<\/div>\n\t\t\t\t<div class=\"elementor-element elementor-element-66a0e6b elementor-widget elementor-widget-image\" data-id=\"66a0e6b\" data-element_type=\"widget\" data-widget_type=\"image.default\">\n\t\t\t\t<div class=\"elementor-widget-container\">\n\t\t\t\t\t\t\t\t\t\t\t\t\t\t\t\t<a href=\"https:\/\/music.apple.com\/fi\/artist\/harmaa-pardon\/1618592392?l=fi\" target=\"_blank\" rel=\"noopener\">\n\t\t\t\t\t\t\t<img width=\"800\" height=\"191\" src=\"https:\/\/tjoyenter.fi\/wp-content\/uploads\/2022\/08\/Apple-Music-Logo-White-1024x244.png\" class=\"attachment-large size-large\" alt=\"\" loading=\"lazy\" srcset=\"https:\/\/tjoyenter.fi\/wp-content\/uploads\/2022\/08\/Apple-Music-Logo-White-1024x244.png 1024w, https:\/\/tjoyenter.fi\/wp-content\/uploads\/2022\/08\/Apple-Music-Logo-White-300x71.png 300w, https:\/\/tjoyenter.fi\/wp-content\/uploads\/2022\/08\/Apple-Music-Logo-White-768x183.png 768w, https:\/\/tjoyenter.fi\/wp-content\/uploads\/2022\/08\/Apple-Music-Logo-White-1536x365.png 1536w, https:\/\/tjoyenter.fi\/wp-content\/uploads\/2022\/08\/Apple-Music-Logo-White-2048x487.png 2048w, https:\/\/tjoyenter.fi\/wp-content\/uploads\/2022\/08\/Apple-Music-Logo-White-600x143.png 600w\" sizes=\"(max-width: 800px) 100vw, 800px\" \/>\t\t\t\t\t\t\t\t<\/a>\n\t\t\t\t\t\t\t\t\t\t\t\t\t\t\t<\/div>\n\t\t\t\t<\/div>\n\t\t\t\t\t<\/div>\n\t\t<\/div>\n\t\t\t\t\t\t\t<\/div>\n\t\t<\/section>\n\t\t\t\t<section class=\"elementor-section elementor-top-section elementor-element elementor-element-200e585 elementor-section-boxed elementor-section-height-default elementor-section-height-default\" data-id=\"200e585\" data-element_type=\"section\" data-settings=\"{&quot;background_background&quot;:&quot;classic&quot;}\">\n\t\t\t\t\t\t<div class=\"elementor-container elementor-column-gap-default\">\n\t\t\t\t\t<div class=\"elementor-column elementor-col-100 elementor-top-column elementor-element elementor-element-df72e80\" data-id=\"df72e80\" data-element_type=\"column\">\n\t\t\t<div class=\"elementor-widget-wrap elementor-element-populated\">\n\t\t\t\t\t\t\t\t<div class=\"elementor-element elementor-element-b2d5011 elementor-widget elementor-widget-html\" data-id=\"b2d5011\" data-element_type=\"widget\" data-widget_type=\"html.default\">\n\t\t\t\t<div class=\"elementor-widget-container\">\n\t\t\t<iframe loading=\"lazy\" style=\"border-radius:12px\" src=\"https:\/\/open.spotify.com\/embed\/artist\/0EM7NoIp4BnV10Meb3DDcX?utm_source=generator&theme=0\" width=\"100%\" height=\"380\" frameborder=\"0\" allowfullscreen=\"\" allow=\"autoplay; clipboard-write; encrypted-media; fullscreen; picture-in-picture\"><\/iframe>\t\t<\/div>\n\t\t\t\t<\/div>\n\t\t\t\t\t<\/div>\n\t\t<\/div>\n\t\t\t\t\t\t\t<\/div>\n\t\t<\/section>\n\t\t\t\t\t\t\t<\/div>","protected":false},"excerpt":{"rendered":"<p>B\u00c4NDIT HARMAAPARDON? Kurkkuun juuttunut anteeksipyynt\u00f6? HARMAA PARDON? on suomenkielist\u00e4 modernia rocktykityst\u00e4 perinteisess\u00e4 1990-2000 hengess\u00e4. Genrein\u00e4 ovat rock, hard rock, poprock ja punkahtaviakin ralleja l\u00f6ytyy. HARMAA PARDON? yhtyeen ytimen muodostavat aikuiset pohojammaan pojat Jaakko Piri ja Gary Keskinen. Kaksikko kirjoittaa biisit ja soittaa rumpuja lukuunottamatta kaikki muut instrumentit. Jaakko r\u00e4mpytt\u00e4\u00e4 my\u00f6s \u00e4\u00e4nihuulia. Rumpuja uudella tuotannolla paukuttavat [&hellip;]<\/p>","protected":false},"author":1,"featured_media":0,"parent":0,"menu_order":0,"comment_status":"closed","ping_status":"closed","template":"","meta":[],"_links":{"self":[{"href":"https:\/\/tjoyenter.fi\/en\/wp-json\/wp\/v2\/pages\/16"}],"collection":[{"href":"https:\/\/tjoyenter.fi\/en\/wp-json\/wp\/v2\/pages"}],"about":[{"href":"https:\/\/tjoyenter.fi\/en\/wp-json\/wp\/v2\/types\/page"}],"author":[{"embeddable":true,"href":"https:\/\/tjoyenter.fi\/en\/wp-json\/wp\/v2\/users\/1"}],"replies":[{"embeddable":true,"href":"https:\/\/tjoyenter.fi\/en\/wp-json\/wp\/v2\/comments?post=16"}],"version-history":[{"count":108,"href":"https:\/\/tjoyenter.fi\/en\/wp-json\/wp\/v2\/pages\/16\/revisions"}],"predecessor-version":[{"id":1406,"href":"https:\/\/tjoyenter.fi\/en\/wp-json\/wp\/v2\/pages\/16\/revisions\/1406"}],"wp:attachment":[{"href":"https:\/\/tjoyenter.fi\/en\/wp-json\/wp\/v2\/media?parent=16"}],"curies":[{"name":"wp","href":"https:\/\/api.w.org\/{rel}","templated":true}]}}