{"id":14,"date":"2022-06-08T20:27:46","date_gmt":"2022-06-08T20:27:46","guid":{"rendered":"https:\/\/tjoyenter.fi\/?page_id=14"},"modified":"2026-01-16T05:02:15","modified_gmt":"2026-01-16T05:02:15","slug":"tjoy","status":"publish","type":"page","link":"https:\/\/tjoyenter.fi\/en\/tjoy\/","title":{"rendered":"TJOY"},"content":{"rendered":"<div data-elementor-type=\"wp-page\" data-elementor-id=\"14\" class=\"elementor elementor-14\">\n\t\t\t\t\t\t\t\t\t<section class=\"elementor-section elementor-top-section elementor-element elementor-element-91c50df elementor-section-full_width elementor-section-height-default elementor-section-height-default\" data-id=\"91c50df\" data-element_type=\"section\">\n\t\t\t\t\t\t<div class=\"elementor-container elementor-column-gap-default\">\n\t\t\t\t\t<div class=\"elementor-column elementor-col-100 elementor-top-column elementor-element elementor-element-8046bc9\" data-id=\"8046bc9\" data-element_type=\"column\">\n\t\t\t<div class=\"elementor-widget-wrap elementor-element-populated\">\n\t\t\t\t\t\t\t\t<div class=\"elementor-element elementor-element-5034392 elementor-widget elementor-widget-heading\" data-id=\"5034392\" data-element_type=\"widget\" data-widget_type=\"heading.default\">\n\t\t\t\t<div class=\"elementor-widget-container\">\n\t\t\t<style>\/*! elementor - v3.8.0 - 30-10-2022 *\/\n.elementor-heading-title{padding:0;margin:0;line-height:1}.elementor-widget-heading .elementor-heading-title[class*=elementor-size-]>a{color:inherit;font-size:inherit;line-height:inherit}.elementor-widget-heading .elementor-heading-title.elementor-size-small{font-size:15px}.elementor-widget-heading .elementor-heading-title.elementor-size-medium{font-size:19px}.elementor-widget-heading .elementor-heading-title.elementor-size-large{font-size:29px}.elementor-widget-heading .elementor-heading-title.elementor-size-xl{font-size:39px}.elementor-widget-heading .elementor-heading-title.elementor-size-xxl{font-size:59px}<\/style><h5 class=\"elementor-heading-title elementor-size-default\">Bands<\/h5>\t\t<\/div>\n\t\t\t\t<\/div>\n\t\t\t\t<div class=\"elementor-element elementor-element-ad75876 elementor-widget elementor-widget-heading\" data-id=\"ad75876\" data-element_type=\"widget\" data-widget_type=\"heading.default\">\n\t\t\t\t<div class=\"elementor-widget-container\">\n\t\t\t<h2 class=\"elementor-heading-title elementor-size-default\">TJOY<\/h2>\t\t<\/div>\n\t\t\t\t<\/div>\n\t\t\t\t\t<\/div>\n\t\t<\/div>\n\t\t\t\t\t\t\t<\/div>\n\t\t<\/section>\n\t\t\t\t<section class=\"elementor-section elementor-top-section elementor-element elementor-element-4590493 elementor-section-full_width elementor-section-height-default elementor-section-height-default\" data-id=\"4590493\" data-element_type=\"section\" data-settings=\"{&quot;background_background&quot;:&quot;classic&quot;}\">\n\t\t\t\t\t\t<div class=\"elementor-container elementor-column-gap-default\">\n\t\t\t\t\t<div class=\"elementor-column elementor-col-50 elementor-top-column elementor-element elementor-element-0c7e5d3\" data-id=\"0c7e5d3\" data-element_type=\"column\">\n\t\t\t<div class=\"elementor-widget-wrap elementor-element-populated\">\n\t\t\t\t\t\t\t\t<div class=\"elementor-element elementor-element-ca1a777 elementor-widget elementor-widget-image\" data-id=\"ca1a777\" data-element_type=\"widget\" data-widget_type=\"image.default\">\n\t\t\t\t<div class=\"elementor-widget-container\">\n\t\t\t<style>\/*! elementor - v3.8.0 - 30-10-2022 *\/\n.elementor-widget-image{text-align:center}.elementor-widget-image a{display:inline-block}.elementor-widget-image a img[src$=\".svg\"]{width:48px}.elementor-widget-image img{vertical-align:middle;display:inline-block}<\/style>\t\t\t\t\t\t\t\t\t\t\t\t<img width=\"800\" height=\"599\" src=\"https:\/\/tjoyenter.fi\/wp-content\/uploads\/2022\/06\/polish-save-2-1024x767.jpg\" class=\"attachment-large size-large\" alt=\"\" loading=\"lazy\" srcset=\"https:\/\/tjoyenter.fi\/wp-content\/uploads\/2022\/06\/polish-save-2-1024x767.jpg 1024w, https:\/\/tjoyenter.fi\/wp-content\/uploads\/2022\/06\/polish-save-2-300x225.jpg 300w, https:\/\/tjoyenter.fi\/wp-content\/uploads\/2022\/06\/polish-save-2-768x575.jpg 768w, https:\/\/tjoyenter.fi\/wp-content\/uploads\/2022\/06\/polish-save-2-600x450.jpg 600w, https:\/\/tjoyenter.fi\/wp-content\/uploads\/2022\/06\/polish-save-2.jpg 1500w\" sizes=\"(max-width: 800px) 100vw, 800px\" \/>\t\t\t\t\t\t\t\t\t\t\t\t\t\t\t<\/div>\n\t\t\t\t<\/div>\n\t\t\t\t\t<\/div>\n\t\t<\/div>\n\t\t\t\t<div class=\"elementor-column elementor-col-50 elementor-top-column elementor-element elementor-element-3d752e9\" data-id=\"3d752e9\" data-element_type=\"column\">\n\t\t\t<div class=\"elementor-widget-wrap elementor-element-populated\">\n\t\t\t\t\t\t\t\t<div class=\"elementor-element elementor-element-834bed5 elementor-widget elementor-widget-heading\" data-id=\"834bed5\" data-element_type=\"widget\" data-widget_type=\"heading.default\">\n\t\t\t\t<div class=\"elementor-widget-container\">\n\t\t\t<h2 class=\"elementor-heading-title elementor-size-default\">From Punk to ballads<\/h2>\t\t<\/div>\n\t\t\t\t<\/div>\n\t\t\t\t<div class=\"elementor-element elementor-element-d5a114e elementor-widget elementor-widget-text-editor\" data-id=\"d5a114e\" data-element_type=\"widget\" data-widget_type=\"text-editor.default\">\n\t\t\t\t<div class=\"elementor-widget-container\">\n\t\t\t<style>\/*! elementor - v3.8.0 - 30-10-2022 *\/\n.elementor-widget-text-editor.elementor-drop-cap-view-stacked .elementor-drop-cap{background-color:#818a91;color:#fff}.elementor-widget-text-editor.elementor-drop-cap-view-framed .elementor-drop-cap{color:#818a91;border:3px solid;background-color:transparent}.elementor-widget-text-editor:not(.elementor-drop-cap-view-default) .elementor-drop-cap{margin-top:8px}.elementor-widget-text-editor:not(.elementor-drop-cap-view-default) .elementor-drop-cap-letter{width:1em;height:1em}.elementor-widget-text-editor .elementor-drop-cap{float:left;text-align:center;line-height:1;font-size:50px}.elementor-widget-text-editor .elementor-drop-cap-letter{display:inline-block}<\/style>\t\t\t\t<p><span style=\"font-weight: 400;\">TJOY on suomalainen englanninkielell\u00e4 kappaleensa esitt\u00e4v\u00e4 punk-rock orkesteri. TJOY v\u00e4\u00e4nt\u00e4\u00e4 musiikkia tiukkaakin tiukemmista punkrockralleista aina silm\u00e4kulmat kostuttaviin balladeihin saakka. B\u00e4ndin rungon muodostavat Jaakko Piri, Jussi Mattsson ja John Saul Long. Muitakin artisteja tuotannolla kuullaan. Musiikillisiksi vaikuttajiksi TJOY ilmoittaa Bad Religionin, NoFX:n, SOAD:in ja Foo Fightersin.<\/span><\/p><p><span style=\"font-weight: 400;\">TJOY julkaisee musiikkia tasaisen tappavaan tahtiin. TJOY:n ensimm\u00e4inen pitk\u00e4soitto sai my\u00f6s p\u00e4iv\u00e4nvalonsa 16.8.2022 ja toinen tulee ulos 2026. Alku-uran DIY meiningist\u00e4 on nelj\u00e4n vuoden j\u00e4lkeen siirrytty useampi pyk\u00e4l\u00e4 eteenp\u00e4in ja uusi TJOY tuotanto rokkaa ja rokkaakin muuten ihan kunnolla! <\/span><\/p>\t\t\t\t\t\t<\/div>\n\t\t\t\t<\/div>\n\t\t\t\t<section class=\"elementor-section elementor-inner-section elementor-element elementor-element-e59c931 elementor-section-boxed elementor-section-height-default elementor-section-height-default\" data-id=\"e59c931\" data-element_type=\"section\">\n\t\t\t\t\t\t<div class=\"elementor-container elementor-column-gap-default\">\n\t\t\t\t\t<div class=\"elementor-column elementor-col-50 elementor-inner-column elementor-element elementor-element-f51796c\" data-id=\"f51796c\" data-element_type=\"column\">\n\t\t\t<div class=\"elementor-widget-wrap elementor-element-populated\">\n\t\t\t\t\t\t\t\t<div class=\"elementor-element elementor-element-1322de9 elementor-widget elementor-widget-heading\" data-id=\"1322de9\" data-element_type=\"widget\" data-widget_type=\"heading.default\">\n\t\t\t\t<div class=\"elementor-widget-container\">\n\t\t\t<h2 class=\"elementor-heading-title elementor-size-default\">Listen to us by clicking the logo!<\/h2>\t\t<\/div>\n\t\t\t\t<\/div>\n\t\t\t\t<div class=\"elementor-element elementor-element-d370aae elementor-widget elementor-widget-image\" data-id=\"d370aae\" data-element_type=\"widget\" data-widget_type=\"image.default\">\n\t\t\t\t<div class=\"elementor-widget-container\">\n\t\t\t\t\t\t\t\t\t\t\t\t\t\t\t\t<a href=\"https:\/\/open.spotify.com\/artist\/1qaOOkaw6eOUmtAs9SV0xK?si=uWCo5B6aSKiK2lfTldf9Ng\" target=\"_blank\" rel=\"noopener\">\n\t\t\t\t\t\t\t<img width=\"800\" height=\"240\" src=\"https:\/\/tjoyenter.fi\/wp-content\/uploads\/2022\/08\/Spotify_Logo_CMYK_White-1024x307.png\" class=\"attachment-large size-large\" alt=\"\" loading=\"lazy\" srcset=\"https:\/\/tjoyenter.fi\/wp-content\/uploads\/2022\/08\/Spotify_Logo_CMYK_White-1024x307.png 1024w, https:\/\/tjoyenter.fi\/wp-content\/uploads\/2022\/08\/Spotify_Logo_CMYK_White-300x90.png 300w, https:\/\/tjoyenter.fi\/wp-content\/uploads\/2022\/08\/Spotify_Logo_CMYK_White-768x230.png 768w, https:\/\/tjoyenter.fi\/wp-content\/uploads\/2022\/08\/Spotify_Logo_CMYK_White-1536x460.png 1536w, https:\/\/tjoyenter.fi\/wp-content\/uploads\/2022\/08\/Spotify_Logo_CMYK_White-2048x614.png 2048w, https:\/\/tjoyenter.fi\/wp-content\/uploads\/2022\/08\/Spotify_Logo_CMYK_White-600x180.png 600w\" sizes=\"(max-width: 800px) 100vw, 800px\" \/>\t\t\t\t\t\t\t\t<\/a>\n\t\t\t\t\t\t\t\t\t\t\t\t\t\t\t<\/div>\n\t\t\t\t<\/div>\n\t\t\t\t<div class=\"elementor-element elementor-element-4515c21 elementor-widget elementor-widget-image\" data-id=\"4515c21\" data-element_type=\"widget\" data-widget_type=\"image.default\">\n\t\t\t\t<div class=\"elementor-widget-container\">\n\t\t\t\t\t\t\t\t\t\t\t\t\t\t\t\t<a href=\"https:\/\/music.apple.com\/fi\/artist\/tjoy\/1592906034?l=fi\" target=\"_blank\" rel=\"noopener\">\n\t\t\t\t\t\t\t<img width=\"800\" height=\"191\" src=\"https:\/\/tjoyenter.fi\/wp-content\/uploads\/2022\/08\/Apple-Music-Logo-White-1024x244.png\" class=\"attachment-large size-large\" alt=\"\" loading=\"lazy\" srcset=\"https:\/\/tjoyenter.fi\/wp-content\/uploads\/2022\/08\/Apple-Music-Logo-White-1024x244.png 1024w, https:\/\/tjoyenter.fi\/wp-content\/uploads\/2022\/08\/Apple-Music-Logo-White-300x71.png 300w, https:\/\/tjoyenter.fi\/wp-content\/uploads\/2022\/08\/Apple-Music-Logo-White-768x183.png 768w, https:\/\/tjoyenter.fi\/wp-content\/uploads\/2022\/08\/Apple-Music-Logo-White-1536x365.png 1536w, https:\/\/tjoyenter.fi\/wp-content\/uploads\/2022\/08\/Apple-Music-Logo-White-2048x487.png 2048w, https:\/\/tjoyenter.fi\/wp-content\/uploads\/2022\/08\/Apple-Music-Logo-White-600x143.png 600w\" sizes=\"(max-width: 800px) 100vw, 800px\" \/>\t\t\t\t\t\t\t\t<\/a>\n\t\t\t\t\t\t\t\t\t\t\t\t\t\t\t<\/div>\n\t\t\t\t<\/div>\n\t\t\t\t\t<\/div>\n\t\t<\/div>\n\t\t\t\t<div class=\"elementor-column elementor-col-50 elementor-inner-column elementor-element elementor-element-7ac9c81\" data-id=\"7ac9c81\" data-element_type=\"column\">\n\t\t\t<div class=\"elementor-widget-wrap elementor-element-populated\">\n\t\t\t\t\t\t\t\t<div class=\"elementor-element elementor-element-5ebca33 elementor-widget elementor-widget-image\" data-id=\"5ebca33\" data-element_type=\"widget\" data-widget_type=\"image.default\">\n\t\t\t\t<div class=\"elementor-widget-container\">\n\t\t\t\t\t\t\t\t\t\t\t\t\t\t\t\t<a href=\"https:\/\/open.spotify.com\/artist\/1qaOOkaw6eOUmtAs9SV0xK?si=uWCo5B6aSKiK2lfTldf9Ng\" target=\"_blank\" rel=\"noopener\">\n\t\t\t\t\t\t\t<img width=\"800\" height=\"421\" src=\"https:\/\/tjoyenter.fi\/wp-content\/uploads\/2022\/06\/TJOY_logo-1-e1654720324176-1024x539.png\" class=\"attachment-large size-large\" alt=\"\" loading=\"lazy\" srcset=\"https:\/\/tjoyenter.fi\/wp-content\/uploads\/2022\/06\/TJOY_logo-1-e1654720324176-1024x539.png 1024w, https:\/\/tjoyenter.fi\/wp-content\/uploads\/2022\/06\/TJOY_logo-1-e1654720324176-300x158.png 300w, https:\/\/tjoyenter.fi\/wp-content\/uploads\/2022\/06\/TJOY_logo-1-e1654720324176-768x405.png 768w, https:\/\/tjoyenter.fi\/wp-content\/uploads\/2022\/06\/TJOY_logo-1-e1654720324176-1536x809.png 1536w, https:\/\/tjoyenter.fi\/wp-content\/uploads\/2022\/06\/TJOY_logo-1-e1654720324176-2048x1079.png 2048w\" sizes=\"(max-width: 800px) 100vw, 800px\" \/>\t\t\t\t\t\t\t\t<\/a>\n\t\t\t\t\t\t\t\t\t\t\t\t\t\t\t<\/div>\n\t\t\t\t<\/div>\n\t\t\t\t\t<\/div>\n\t\t<\/div>\n\t\t\t\t\t\t\t<\/div>\n\t\t<\/section>\n\t\t\t\t\t<\/div>\n\t\t<\/div>\n\t\t\t\t\t\t\t<\/div>\n\t\t<\/section>\n\t\t\t\t<section class=\"elementor-section elementor-top-section elementor-element elementor-element-28f18c7 elementor-section-boxed elementor-section-height-default elementor-section-height-default\" data-id=\"28f18c7\" data-element_type=\"section\" data-settings=\"{&quot;background_background&quot;:&quot;classic&quot;}\">\n\t\t\t\t\t\t<div class=\"elementor-container elementor-column-gap-default\">\n\t\t\t\t\t<div class=\"elementor-column elementor-col-100 elementor-top-column elementor-element elementor-element-ccccf77\" data-id=\"ccccf77\" data-element_type=\"column\">\n\t\t\t<div class=\"elementor-widget-wrap elementor-element-populated\">\n\t\t\t\t\t\t\t\t<div class=\"elementor-element elementor-element-8ba3f96 elementor-widget elementor-widget-html\" data-id=\"8ba3f96\" data-element_type=\"widget\" data-widget_type=\"html.default\">\n\t\t\t\t<div class=\"elementor-widget-container\">\n\t\t\t<iframe loading=\"lazy\" style=\"border-radius:12px\" src=\"https:\/\/open.spotify.com\/embed\/artist\/1qaOOkaw6eOUmtAs9SV0xK?utm_source=generator&theme=0\" width=\"100%\" height=\"380\" frameborder=\"0\" allowfullscreen=\"\" allow=\"autoplay; clipboard-write; encrypted-media; fullscreen; picture-in-picture\"><\/iframe>\t\t<\/div>\n\t\t\t\t<\/div>\n\t\t\t\t\t<\/div>\n\t\t<\/div>\n\t\t\t\t\t\t\t<\/div>\n\t\t<\/section>\n\t\t\t\t\t\t\t<\/div>","protected":false},"excerpt":{"rendered":"<p>B\u00c4NDIT TJOY Punkista balladeihin TJOY on suomalainen englanninkielell\u00e4 kappaleensa esitt\u00e4v\u00e4 punk-rock orkesteri. TJOY v\u00e4\u00e4nt\u00e4\u00e4 musiikkia tiukkaakin tiukemmista punkrockralleista aina silm\u00e4kulmat kostuttaviin balladeihin saakka. B\u00e4ndin rungon muodostavat Jaakko Piri, Jussi Mattsson ja John Saul Long. Muitakin artisteja tuotannolla kuullaan. Musiikillisiksi vaikuttajiksi TJOY ilmoittaa Bad Religionin, NoFX:n, SOAD:in ja Foo Fightersin. TJOY julkaisee musiikkia tasaisen tappavaan tahtiin. [&hellip;]<\/p>","protected":false},"author":1,"featured_media":0,"parent":0,"menu_order":0,"comment_status":"closed","ping_status":"closed","template":"","meta":[],"_links":{"self":[{"href":"https:\/\/tjoyenter.fi\/en\/wp-json\/wp\/v2\/pages\/14"}],"collection":[{"href":"https:\/\/tjoyenter.fi\/en\/wp-json\/wp\/v2\/pages"}],"about":[{"href":"https:\/\/tjoyenter.fi\/en\/wp-json\/wp\/v2\/types\/page"}],"author":[{"embeddable":true,"href":"https:\/\/tjoyenter.fi\/en\/wp-json\/wp\/v2\/users\/1"}],"replies":[{"embeddable":true,"href":"https:\/\/tjoyenter.fi\/en\/wp-json\/wp\/v2\/comments?post=14"}],"version-history":[{"count":83,"href":"https:\/\/tjoyenter.fi\/en\/wp-json\/wp\/v2\/pages\/14\/revisions"}],"predecessor-version":[{"id":1418,"href":"https:\/\/tjoyenter.fi\/en\/wp-json\/wp\/v2\/pages\/14\/revisions\/1418"}],"wp:attachment":[{"href":"https:\/\/tjoyenter.fi\/en\/wp-json\/wp\/v2\/media?parent=14"}],"curies":[{"name":"wp","href":"https:\/\/api.w.org\/{rel}","templated":true}]}}