{"id":1391,"date":"2026-01-16T04:52:21","date_gmt":"2026-01-16T04:52:21","guid":{"rendered":"https:\/\/tjoyenter.fi\/?page_id=1391"},"modified":"2026-01-16T11:01:56","modified_gmt":"2026-01-16T11:01:56","slug":"juha-lagstrom","status":"publish","type":"page","link":"https:\/\/tjoyenter.fi\/en\/juha-lagstrom\/","title":{"rendered":"Juha Lagstr\u00f6m"},"content":{"rendered":"<div data-elementor-type=\"wp-page\" data-elementor-id=\"1391\" class=\"elementor elementor-1391\">\n\t\t\t\t\t\t\t\t\t<section class=\"elementor-section elementor-top-section elementor-element elementor-element-72063a4 elementor-section-full_width elementor-section-height-default elementor-section-height-default\" data-id=\"72063a4\" data-element_type=\"section\">\n\t\t\t\t\t\t<div class=\"elementor-container elementor-column-gap-default\">\n\t\t\t\t\t<div class=\"elementor-column elementor-col-100 elementor-top-column elementor-element elementor-element-22e85bf\" data-id=\"22e85bf\" data-element_type=\"column\">\n\t\t\t<div class=\"elementor-widget-wrap elementor-element-populated\">\n\t\t\t\t\t\t\t\t<div class=\"elementor-element elementor-element-17bde88 elementor-widget elementor-widget-heading\" data-id=\"17bde88\" data-element_type=\"widget\" data-widget_type=\"heading.default\">\n\t\t\t\t<div class=\"elementor-widget-container\">\n\t\t\t<style>\/*! elementor - v3.8.0 - 30-10-2022 *\/\n.elementor-heading-title{padding:0;margin:0;line-height:1}.elementor-widget-heading .elementor-heading-title[class*=elementor-size-]>a{color:inherit;font-size:inherit;line-height:inherit}.elementor-widget-heading .elementor-heading-title.elementor-size-small{font-size:15px}.elementor-widget-heading .elementor-heading-title.elementor-size-medium{font-size:19px}.elementor-widget-heading .elementor-heading-title.elementor-size-large{font-size:29px}.elementor-widget-heading .elementor-heading-title.elementor-size-xl{font-size:39px}.elementor-widget-heading .elementor-heading-title.elementor-size-xxl{font-size:59px}<\/style><h5 class=\"elementor-heading-title elementor-size-default\">Bands<\/h5>\t\t<\/div>\n\t\t\t\t<\/div>\n\t\t\t\t<div class=\"elementor-element elementor-element-54df0ac elementor-widget elementor-widget-heading\" data-id=\"54df0ac\" data-element_type=\"widget\" data-widget_type=\"heading.default\">\n\t\t\t\t<div class=\"elementor-widget-container\">\n\t\t\t<h2 class=\"elementor-heading-title elementor-size-default\">Juha Lagstr\u00f6m<\/h2>\t\t<\/div>\n\t\t\t\t<\/div>\n\t\t\t\t\t<\/div>\n\t\t<\/div>\n\t\t\t\t\t\t\t<\/div>\n\t\t<\/section>\n\t\t\t\t<section class=\"elementor-section elementor-top-section elementor-element elementor-element-970f499 elementor-section-full_width elementor-section-height-default elementor-section-height-default\" data-id=\"970f499\" data-element_type=\"section\" data-settings=\"{&quot;background_background&quot;:&quot;classic&quot;}\">\n\t\t\t\t\t\t<div class=\"elementor-container elementor-column-gap-default\">\n\t\t\t\t\t<div class=\"elementor-column elementor-col-50 elementor-top-column elementor-element elementor-element-06838b3\" data-id=\"06838b3\" data-element_type=\"column\">\n\t\t\t<div class=\"elementor-widget-wrap elementor-element-populated\">\n\t\t\t\t\t\t\t\t<div class=\"elementor-element elementor-element-64bbc3e elementor-widget elementor-widget-image\" data-id=\"64bbc3e\" data-element_type=\"widget\" data-widget_type=\"image.default\">\n\t\t\t\t<div class=\"elementor-widget-container\">\n\t\t\t<style>\/*! elementor - v3.8.0 - 30-10-2022 *\/\n.elementor-widget-image{text-align:center}.elementor-widget-image a{display:inline-block}.elementor-widget-image a img[src$=\".svg\"]{width:48px}.elementor-widget-image img{vertical-align:middle;display:inline-block}<\/style>\t\t\t\t\t\t\t\t\t\t\t\t<img width=\"900\" height=\"900\" src=\"https:\/\/tjoyenter.fi\/wp-content\/uploads\/2026\/01\/Juha-1.jpg\" class=\"attachment-full size-full\" alt=\"\" loading=\"lazy\" \/>\t\t\t\t\t\t\t\t\t\t\t\t\t\t\t<\/div>\n\t\t\t\t<\/div>\n\t\t\t\t\t<\/div>\n\t\t<\/div>\n\t\t\t\t<div class=\"elementor-column elementor-col-50 elementor-top-column elementor-element elementor-element-3299e8a\" data-id=\"3299e8a\" data-element_type=\"column\">\n\t\t\t<div class=\"elementor-widget-wrap elementor-element-populated\">\n\t\t\t\t\t\t\t\t<div class=\"elementor-element elementor-element-5fc0301 elementor-widget elementor-widget-text-editor\" data-id=\"5fc0301\" data-element_type=\"widget\" data-widget_type=\"text-editor.default\">\n\t\t\t\t<div class=\"elementor-widget-container\">\n\t\t\t<style>\/*! elementor - v3.8.0 - 30-10-2022 *\/\n.elementor-widget-text-editor.elementor-drop-cap-view-stacked .elementor-drop-cap{background-color:#818a91;color:#fff}.elementor-widget-text-editor.elementor-drop-cap-view-framed .elementor-drop-cap{color:#818a91;border:3px solid;background-color:transparent}.elementor-widget-text-editor:not(.elementor-drop-cap-view-default) .elementor-drop-cap{margin-top:8px}.elementor-widget-text-editor:not(.elementor-drop-cap-view-default) .elementor-drop-cap-letter{width:1em;height:1em}.elementor-widget-text-editor .elementor-drop-cap{float:left;text-align:center;line-height:1;font-size:50px}.elementor-widget-text-editor .elementor-drop-cap-letter{display:inline-block}<\/style>\t\t\t\t<div dir=\"ltr\"><div dir=\"ltr\"><p><span style=\"font-weight: 400;\">RAAKAA ISKELM\u00c4\u00c4 L\u00c4HI\u00d6IST\u00c4 LAKEUKSIIN<\/span><\/p><p><span style=\"font-weight: 400;\">Juha Lagstr\u00f6m on lapualaisl\u00e4ht\u00f6inen sittemmin helsinkil\u00e4istynyt pitk\u00e4n linjan laulaja ja n\u00e4yttelij\u00e4. Juha tunnetaan parhaiten yhtyeist\u00e4 Johnny Sulttaani Oy, Lapset ja Elonkerjuu. Aktiivisesti keikkaileva artisti on ollut tuottelias soolomusiikkinsa tuotannossa. Musiikkia striimipalveluihin, kuten my\u00f6s fyysisi\u00e4 tuotoksia on ilmestynyt merkitt\u00e4v\u00e4 m\u00e4\u00e4r\u00e4.<\/span><\/p><p><span style=\"font-weight: 400;\">Artisti itse kuvaa soolomusiikkinsa genre\u00e4 raa\u2019aksi iskelm\u00e4ksi, mik\u00e4 onkin varsin hyv\u00e4 kuvaus, etenkin kun h\u00e4nen energisi\u00e4 ja sieluun porautuvia keikkoja k\u00e4y todistamassa. Juhan tuotanto on monipuolista ja h\u00e4nen levytyksiss\u00e4\u00e4n kuullaan useita suomen eturivin muusikoita, kuten Anssi Nyk\u00e4nen, Tuomo Unkuri, Erno Vuori, Antti Pitk\u00e4j\u00e4rvi, Tero Hyv\u00e4luoma, Jyrki Hannila, Ville M\u00e4kinen, Tokela ja Arska Laurila.<\/span><\/p><p><span style=\"font-weight: 400;\">Pitk\u00e4soittoja on julkaistu kaksin kappalein. Ensimm\u00e4inen LP \u201dLapsista Kolmas\u201d julkaistiin 2022 ja toinen LP \u201dPunainen pohjalainen\u201d vuonna 2026. TJOY entertainment ja Juha Lagstr\u00f6m aloittivat yhteisty\u00f6n vuonna 2025. Useita singlej\u00e4 ja Punainen pohjalainen LP on julkaistu yhteistuotantona Juhan ja TJOY Entertainmentin kesken.<\/span><\/p><p><span style=\"font-weight: 400;\">Musiikin lis\u00e4ksi, tsekatkaahan kaupan puolelta my\u00f6s Juha Lagstr\u00f6min \u00e4\u00e4nitteet ja muut fanituotteet!<\/span><\/p><\/div><\/div>\t\t\t\t\t\t<\/div>\n\t\t\t\t<\/div>\n\t\t\t\t\t<\/div>\n\t\t<\/div>\n\t\t\t\t\t\t\t<\/div>\n\t\t<\/section>\n\t\t\t\t<section class=\"elementor-section elementor-top-section elementor-element elementor-element-e47f10c elementor-section-boxed elementor-section-height-default elementor-section-height-default\" data-id=\"e47f10c\" data-element_type=\"section\" data-settings=\"{&quot;background_background&quot;:&quot;classic&quot;}\">\n\t\t\t\t\t\t<div class=\"elementor-container elementor-column-gap-default\">\n\t\t\t\t\t<div class=\"elementor-column elementor-col-100 elementor-top-column elementor-element elementor-element-638cf88\" data-id=\"638cf88\" data-element_type=\"column\">\n\t\t\t<div class=\"elementor-widget-wrap elementor-element-populated\">\n\t\t\t\t\t\t\t\t<div class=\"elementor-element elementor-element-2e55c55 elementor-widget elementor-widget-html\" data-id=\"2e55c55\" data-element_type=\"widget\" data-widget_type=\"html.default\">\n\t\t\t\t<div class=\"elementor-widget-container\">\n\t\t\t<iframe data-testid=\"embed-iframe\" style=\"border-radius:12px\" src=\"https:\/\/open.spotify.com\/embed\/artist\/6yFQcyRowWY2lpXwxiNghc?utm_source=generator\" width=\"100%\" height=\"352\" frameborder=\"0\" allowfullscreen=\"\" allow=\"autoplay; clipboard-write; encrypted-media; fullscreen; picture-in-picture\" loading=\"lazy\"><\/iframe>\t\t<\/div>\n\t\t\t\t<\/div>\n\t\t\t\t\t<\/div>\n\t\t<\/div>\n\t\t\t\t\t\t\t<\/div>\n\t\t<\/section>\n\t\t\t\t\t\t\t<\/div>","protected":false},"excerpt":{"rendered":"<p>B\u00c4NDIT Juha Lagstr\u00f6m RAAKAA ISKELM\u00c4\u00c4 L\u00c4HI\u00d6IST\u00c4 LAKEUKSIIN Juha Lagstr\u00f6m on lapualaisl\u00e4ht\u00f6inen sittemmin helsinkil\u00e4istynyt pitk\u00e4n linjan laulaja ja n\u00e4yttelij\u00e4. Juha tunnetaan parhaiten yhtyeist\u00e4 Johnny Sulttaani Oy, Lapset ja Elonkerjuu. Aktiivisesti keikkaileva artisti on ollut tuottelias soolomusiikkinsa tuotannossa. Musiikkia striimipalveluihin, kuten my\u00f6s fyysisi\u00e4 tuotoksia on ilmestynyt merkitt\u00e4v\u00e4 m\u00e4\u00e4r\u00e4. Artisti itse kuvaa soolomusiikkinsa genre\u00e4 raa\u2019aksi iskelm\u00e4ksi, mik\u00e4 onkin [&hellip;]<\/p>","protected":false},"author":1,"featured_media":0,"parent":0,"menu_order":0,"comment_status":"closed","ping_status":"closed","template":"","meta":[],"_links":{"self":[{"href":"https:\/\/tjoyenter.fi\/en\/wp-json\/wp\/v2\/pages\/1391"}],"collection":[{"href":"https:\/\/tjoyenter.fi\/en\/wp-json\/wp\/v2\/pages"}],"about":[{"href":"https:\/\/tjoyenter.fi\/en\/wp-json\/wp\/v2\/types\/page"}],"author":[{"embeddable":true,"href":"https:\/\/tjoyenter.fi\/en\/wp-json\/wp\/v2\/users\/1"}],"replies":[{"embeddable":true,"href":"https:\/\/tjoyenter.fi\/en\/wp-json\/wp\/v2\/comments?post=1391"}],"version-history":[{"count":17,"href":"https:\/\/tjoyenter.fi\/en\/wp-json\/wp\/v2\/pages\/1391\/revisions"}],"predecessor-version":[{"id":1474,"href":"https:\/\/tjoyenter.fi\/en\/wp-json\/wp\/v2\/pages\/1391\/revisions\/1474"}],"wp:attachment":[{"href":"https:\/\/tjoyenter.fi\/en\/wp-json\/wp\/v2\/media?parent=1391"}],"curies":[{"name":"wp","href":"https:\/\/api.w.org\/{rel}","templated":true}]}}