{"id":1353,"date":"2025-02-27T19:12:46","date_gmt":"2025-02-27T19:12:46","guid":{"rendered":"https:\/\/tjoyenter.fi\/?page_id=1353"},"modified":"2026-01-16T05:04:59","modified_gmt":"2026-01-16T05:04:59","slug":"x1c","status":"publish","type":"page","link":"https:\/\/tjoyenter.fi\/en\/x1c\/","title":{"rendered":"X1C#"},"content":{"rendered":"<div data-elementor-type=\"wp-page\" data-elementor-id=\"1353\" class=\"elementor elementor-1353\">\n\t\t\t\t\t\t\t\t\t<section class=\"elementor-section elementor-top-section elementor-element elementor-element-15b4fad8 elementor-section-full_width elementor-section-height-default elementor-section-height-default\" data-id=\"15b4fad8\" data-element_type=\"section\">\n\t\t\t\t\t\t<div class=\"elementor-container elementor-column-gap-default\">\n\t\t\t\t\t<div class=\"elementor-column elementor-col-100 elementor-top-column elementor-element elementor-element-34d8a04b\" data-id=\"34d8a04b\" data-element_type=\"column\">\n\t\t\t<div class=\"elementor-widget-wrap elementor-element-populated\">\n\t\t\t\t\t\t\t\t<div class=\"elementor-element elementor-element-71826c1d elementor-widget elementor-widget-heading\" data-id=\"71826c1d\" data-element_type=\"widget\" data-widget_type=\"heading.default\">\n\t\t\t\t<div class=\"elementor-widget-container\">\n\t\t\t<style>\/*! elementor - v3.8.0 - 30-10-2022 *\/\n.elementor-heading-title{padding:0;margin:0;line-height:1}.elementor-widget-heading .elementor-heading-title[class*=elementor-size-]>a{color:inherit;font-size:inherit;line-height:inherit}.elementor-widget-heading .elementor-heading-title.elementor-size-small{font-size:15px}.elementor-widget-heading .elementor-heading-title.elementor-size-medium{font-size:19px}.elementor-widget-heading .elementor-heading-title.elementor-size-large{font-size:29px}.elementor-widget-heading .elementor-heading-title.elementor-size-xl{font-size:39px}.elementor-widget-heading .elementor-heading-title.elementor-size-xxl{font-size:59px}<\/style><h5 class=\"elementor-heading-title elementor-size-default\">Bands<\/h5>\t\t<\/div>\n\t\t\t\t<\/div>\n\t\t\t\t<div class=\"elementor-element elementor-element-123ae404 elementor-widget elementor-widget-heading\" data-id=\"123ae404\" data-element_type=\"widget\" data-widget_type=\"heading.default\">\n\t\t\t\t<div class=\"elementor-widget-container\">\n\t\t\t<h2 class=\"elementor-heading-title elementor-size-default\">X1C#<\/h2>\t\t<\/div>\n\t\t\t\t<\/div>\n\t\t\t\t\t<\/div>\n\t\t<\/div>\n\t\t\t\t\t\t\t<\/div>\n\t\t<\/section>\n\t\t\t\t<section class=\"elementor-section elementor-top-section elementor-element elementor-element-2524323e elementor-section-full_width elementor-section-height-default elementor-section-height-default\" data-id=\"2524323e\" data-element_type=\"section\" data-settings=\"{&quot;background_background&quot;:&quot;classic&quot;}\">\n\t\t\t\t\t\t<div class=\"elementor-container elementor-column-gap-default\">\n\t\t\t\t\t<div class=\"elementor-column elementor-col-50 elementor-top-column elementor-element elementor-element-4f34be55\" data-id=\"4f34be55\" data-element_type=\"column\">\n\t\t\t<div class=\"elementor-widget-wrap elementor-element-populated\">\n\t\t\t\t\t\t\t\t<div class=\"elementor-element elementor-element-11a81a3d elementor-widget elementor-widget-image\" data-id=\"11a81a3d\" data-element_type=\"widget\" data-widget_type=\"image.default\">\n\t\t\t\t<div class=\"elementor-widget-container\">\n\t\t\t<style>\/*! elementor - v3.8.0 - 30-10-2022 *\/\n.elementor-widget-image{text-align:center}.elementor-widget-image a{display:inline-block}.elementor-widget-image a img[src$=\".svg\"]{width:48px}.elementor-widget-image img{vertical-align:middle;display:inline-block}<\/style>\t\t\t\t\t\t\t\t\t\t\t\t<img width=\"1024\" height=\"673\" src=\"https:\/\/tjoyenter.fi\/wp-content\/uploads\/2025\/02\/IMG_7336-kopio.jpg\" class=\"attachment-full size-full\" alt=\"\" loading=\"lazy\" srcset=\"https:\/\/tjoyenter.fi\/wp-content\/uploads\/2025\/02\/IMG_7336-kopio.jpg 1024w, https:\/\/tjoyenter.fi\/wp-content\/uploads\/2025\/02\/IMG_7336-kopio-300x197.jpg 300w, https:\/\/tjoyenter.fi\/wp-content\/uploads\/2025\/02\/IMG_7336-kopio-768x505.jpg 768w, https:\/\/tjoyenter.fi\/wp-content\/uploads\/2025\/02\/IMG_7336-kopio-18x12.jpg 18w, https:\/\/tjoyenter.fi\/wp-content\/uploads\/2025\/02\/IMG_7336-kopio-600x394.jpg 600w\" sizes=\"(max-width: 1024px) 100vw, 1024px\" \/>\t\t\t\t\t\t\t\t\t\t\t\t\t\t\t<\/div>\n\t\t\t\t<\/div>\n\t\t\t\t\t<\/div>\n\t\t<\/div>\n\t\t\t\t<div class=\"elementor-column elementor-col-50 elementor-top-column elementor-element elementor-element-5c093bd4\" data-id=\"5c093bd4\" data-element_type=\"column\">\n\t\t\t<div class=\"elementor-widget-wrap elementor-element-populated\">\n\t\t\t\t\t\t\t\t<div class=\"elementor-element elementor-element-1c4c81ed elementor-widget elementor-widget-text-editor\" data-id=\"1c4c81ed\" data-element_type=\"widget\" data-widget_type=\"text-editor.default\">\n\t\t\t\t<div class=\"elementor-widget-container\">\n\t\t\t<style>\/*! elementor - v3.8.0 - 30-10-2022 *\/\n.elementor-widget-text-editor.elementor-drop-cap-view-stacked .elementor-drop-cap{background-color:#818a91;color:#fff}.elementor-widget-text-editor.elementor-drop-cap-view-framed .elementor-drop-cap{color:#818a91;border:3px solid;background-color:transparent}.elementor-widget-text-editor:not(.elementor-drop-cap-view-default) .elementor-drop-cap{margin-top:8px}.elementor-widget-text-editor:not(.elementor-drop-cap-view-default) .elementor-drop-cap-letter{width:1em;height:1em}.elementor-widget-text-editor .elementor-drop-cap{float:left;text-align:center;line-height:1;font-size:50px}.elementor-widget-text-editor .elementor-drop-cap-letter{display:inline-block}<\/style>\t\t\t\t<div dir=\"ltr\"><div dir=\"ltr\"><div><p><span style=\"font-weight: 400;\">ENNEN KAIKKEA &#8211; KLUBIPUNKKIA!<\/span><\/p><p><span style=\"font-weight: 400;\">X1C# on kovaa potkivia rumpuja, kiukkuista bassoa ja syntikkaa sek\u00e4 s\u00e4r\u00f6kitaroita yhdistelev\u00e4 punkin ja drum and bassin ristisiitos. Punk ja konemusiikki yhdistyy orgaanisten soittimien, kellontarkkojen kone-elementtien ja ilkeiden syntikoiden tiukaksi symbioosiksi. X1C# on ennen kaikkea tiukkaakin tiukempaa klubipunkkia, jolla on tunnelmallisemmatkin puolensa.<\/span><\/p><p><span style=\"font-weight: 400;\">B\u00e4ndiss\u00e4 ja sen eri biisiprojekteissa on mukana suomalaisia pitk\u00e4n linjan muusikoita. Toisinaan musaa on tehty huonompien motiivien siivitt\u00e4m\u00e4n\u00e4 ja v\u00e4lill\u00e4 taas parempien. Nyt tarkoitusper\u00e4t ovat hyv\u00e4t ja musaa tehd\u00e4\u00e4n t\u00e4rkeimm\u00e4lle kohdeyleis\u00f6lle eli puhtaasti itselle. X1C#:s\u00e4 biisej\u00e4, kun soitettiin tekij\u00e4ns\u00e4 l\u00e4hipiirille, niin siell\u00e4 alkoi p\u00e4\u00e4t nytkym\u00e4\u00e4n positiivisessa hengess\u00e4. Biisit tuumattiin tuottaa valmiiksi ja nyt ne sitten ovat my\u00f6s ison yleis\u00f6n kuultavana.<\/span><\/p><p><span style=\"font-weight: 400;\">Ensimm\u00e4inen julkaisu \u201dHermokiit\u00e4j\u00e4\u201d julkaistiin 3.4.2025. Sittemmin b\u00e4ndi on julkaissut useamman singlen ja syyskuussa \u201dKunnes toisin todistetaan\u201d -EP:n. EP:ll\u00e4 mukana tykitt\u00e4\u00e4 laaja kirjo kotimaisia muusikoita. Koko projektin takana on ja X1C# kollektiivin p\u00e4\u00e4piruna h\u00e4\u00e4r\u00e4\u00e4 Tyr\u00e4vy\u00f6-yhtyeest\u00e4 tuttu Eero Valorinta.<\/span><\/p><p><span style=\"font-weight: 400;\">\u00a0<\/span><\/p><p><span style=\"font-weight: 400;\">X1C# on:<\/span><\/p><p><span style=\"font-weight: 400;\">S\u00e4vellykset \u2013 X1C#<\/span><\/p><p><span style=\"font-weight: 400;\">Sanoitukset \u2013 X1C#, Kauko R\u00f6yhke\u00e4<\/span><\/p><p><span style=\"font-weight: 400;\">Sovitukset \u2013 X1C#, Kauko R\u00f6yhke\u00e4, Teijo J\u00e4ms\u00e4, Mitja Lepist\u00f6<\/span><\/p><p><span style=\"font-weight: 400;\">Muusikot \u2013 X1C#, Teijo J\u00e4ms\u00e4, Kauko R\u00f6yhke\u00e4, Mitja Lepist\u00f6, Nenerchy, pirinjaska<\/span><\/p><p><span style=\"font-weight: 400;\">Miksaus \u2013 Jyri Riikonen \/ E-studio<\/span><\/p><p><span style=\"font-weight: 400;\">Masterointi \u2013 Petri Majuri \/ E-studio<\/span><\/p><p><span style=\"font-weight: 400;\">Tuotanto, julkaisu ja jakelu: TJOY Entertainment<\/span><\/p><p><span style=\"font-weight: 400;\">PR: Heta Hyttinen \/ Ginger Vine Management<\/span><\/p><\/div><div>\u00a0<\/div><div>\u00a0<\/div><div>Linkit<\/div><div>\u00a0<\/div><div>Instagram: <span style=\"color: #ffffff;\"><a style=\"color: #ffffff;\" href=\"https:\/\/www.instagram.com\/x1c_official\/\" target=\"_blank\" rel=\"noopener\"><b>x1c_official<\/b><\/a><\/span><b><\/b><\/div><div>Facebook: <span style=\"color: #ffffff;\"><a style=\"color: #ffffff;\" href=\"http:\/\/facebook.com\/x1chashtag\" target=\"_blank\" rel=\"noopener\"><b>x1c_official<\/b><\/a><\/span><\/div><\/div><\/div>\t\t\t\t\t\t<\/div>\n\t\t\t\t<\/div>\n\t\t\t\t\t<\/div>\n\t\t<\/div>\n\t\t\t\t\t\t\t<\/div>\n\t\t<\/section>\n\t\t\t\t<section class=\"elementor-section elementor-top-section elementor-element elementor-element-b6e0e9b elementor-section-boxed elementor-section-height-default elementor-section-height-default\" data-id=\"b6e0e9b\" data-element_type=\"section\" data-settings=\"{&quot;background_background&quot;:&quot;classic&quot;}\">\n\t\t\t\t\t\t<div class=\"elementor-container elementor-column-gap-default\">\n\t\t\t\t\t<div class=\"elementor-column elementor-col-100 elementor-top-column elementor-element elementor-element-1ba56bf\" data-id=\"1ba56bf\" data-element_type=\"column\">\n\t\t\t<div class=\"elementor-widget-wrap elementor-element-populated\">\n\t\t\t\t\t\t\t\t<div class=\"elementor-element elementor-element-0619e57 elementor-widget elementor-widget-html\" data-id=\"0619e57\" data-element_type=\"widget\" data-widget_type=\"html.default\">\n\t\t\t\t<div class=\"elementor-widget-container\">\n\t\t\t<iframe data-testid=\"embed-iframe\" style=\"border-radius:12px\" src=\"https:\/\/open.spotify.com\/embed\/artist\/72d7dphM4Np96ZMdHNopYw?utm_source=generator\" width=\"100%\" height=\"352\" frameborder=\"0\" allowfullscreen=\"\" allow=\"autoplay; clipboard-write; encrypted-media; fullscreen; picture-in-picture\" loading=\"lazy\"><\/iframe>\t\t<\/div>\n\t\t\t\t<\/div>\n\t\t\t\t\t<\/div>\n\t\t<\/div>\n\t\t\t\t\t\t\t<\/div>\n\t\t<\/section>\n\t\t\t\t\t\t\t<\/div>","protected":false},"excerpt":{"rendered":"<p>B\u00c4NDIT X1C# ENNEN KAIKKEA &#8211; KLUBIPUNKKIA! X1C# on kovaa potkivia rumpuja, kiukkuista bassoa ja syntikkaa sek\u00e4 s\u00e4r\u00f6kitaroita yhdistelev\u00e4 punkin ja drum and bassin ristisiitos. Punk ja konemusiikki yhdistyy orgaanisten soittimien, kellontarkkojen kone-elementtien ja ilkeiden syntikoiden tiukaksi symbioosiksi. X1C# on ennen kaikkea tiukkaakin tiukempaa klubipunkkia, jolla on tunnelmallisemmatkin puolensa. B\u00e4ndiss\u00e4 ja sen eri biisiprojekteissa on mukana [&hellip;]<\/p>","protected":false},"author":1,"featured_media":0,"parent":0,"menu_order":0,"comment_status":"closed","ping_status":"closed","template":"","meta":[],"_links":{"self":[{"href":"https:\/\/tjoyenter.fi\/en\/wp-json\/wp\/v2\/pages\/1353"}],"collection":[{"href":"https:\/\/tjoyenter.fi\/en\/wp-json\/wp\/v2\/pages"}],"about":[{"href":"https:\/\/tjoyenter.fi\/en\/wp-json\/wp\/v2\/types\/page"}],"author":[{"embeddable":true,"href":"https:\/\/tjoyenter.fi\/en\/wp-json\/wp\/v2\/users\/1"}],"replies":[{"embeddable":true,"href":"https:\/\/tjoyenter.fi\/en\/wp-json\/wp\/v2\/comments?post=1353"}],"version-history":[{"count":25,"href":"https:\/\/tjoyenter.fi\/en\/wp-json\/wp\/v2\/pages\/1353\/revisions"}],"predecessor-version":[{"id":1427,"href":"https:\/\/tjoyenter.fi\/en\/wp-json\/wp\/v2\/pages\/1353\/revisions\/1427"}],"wp:attachment":[{"href":"https:\/\/tjoyenter.fi\/en\/wp-json\/wp\/v2\/media?parent=1353"}],"curies":[{"name":"wp","href":"https:\/\/api.w.org\/{rel}","templated":true}]}}