{"id":1318,"date":"2024-06-17T07:51:49","date_gmt":"2024-06-17T07:51:49","guid":{"rendered":"https:\/\/tjoyenter.fi\/?page_id=1318"},"modified":"2026-01-16T05:03:45","modified_gmt":"2026-01-16T05:03:45","slug":"billy-and-the-bleedings","status":"publish","type":"page","link":"https:\/\/tjoyenter.fi\/en\/billy-and-the-bleedings\/","title":{"rendered":"Billy &#038; The Bleedings"},"content":{"rendered":"<div data-elementor-type=\"wp-page\" data-elementor-id=\"1318\" class=\"elementor elementor-1318\">\n\t\t\t\t\t\t\t\t\t<section class=\"elementor-section elementor-top-section elementor-element elementor-element-15b4fad8 elementor-section-full_width elementor-section-height-default elementor-section-height-default\" data-id=\"15b4fad8\" data-element_type=\"section\">\n\t\t\t\t\t\t<div class=\"elementor-container elementor-column-gap-default\">\n\t\t\t\t\t<div class=\"elementor-column elementor-col-100 elementor-top-column elementor-element elementor-element-34d8a04b\" data-id=\"34d8a04b\" data-element_type=\"column\">\n\t\t\t<div class=\"elementor-widget-wrap elementor-element-populated\">\n\t\t\t\t\t\t\t\t<div class=\"elementor-element elementor-element-71826c1d elementor-widget elementor-widget-heading\" data-id=\"71826c1d\" data-element_type=\"widget\" data-widget_type=\"heading.default\">\n\t\t\t\t<div class=\"elementor-widget-container\">\n\t\t\t<style>\/*! elementor - v3.8.0 - 30-10-2022 *\/\n.elementor-heading-title{padding:0;margin:0;line-height:1}.elementor-widget-heading .elementor-heading-title[class*=elementor-size-]>a{color:inherit;font-size:inherit;line-height:inherit}.elementor-widget-heading .elementor-heading-title.elementor-size-small{font-size:15px}.elementor-widget-heading .elementor-heading-title.elementor-size-medium{font-size:19px}.elementor-widget-heading .elementor-heading-title.elementor-size-large{font-size:29px}.elementor-widget-heading .elementor-heading-title.elementor-size-xl{font-size:39px}.elementor-widget-heading .elementor-heading-title.elementor-size-xxl{font-size:59px}<\/style><h5 class=\"elementor-heading-title elementor-size-default\">Bands<\/h5>\t\t<\/div>\n\t\t\t\t<\/div>\n\t\t\t\t<div class=\"elementor-element elementor-element-123ae404 elementor-widget elementor-widget-heading\" data-id=\"123ae404\" data-element_type=\"widget\" data-widget_type=\"heading.default\">\n\t\t\t\t<div class=\"elementor-widget-container\">\n\t\t\t<h2 class=\"elementor-heading-title elementor-size-default\">Billy & The Bleedings<\/h2>\t\t<\/div>\n\t\t\t\t<\/div>\n\t\t\t\t\t<\/div>\n\t\t<\/div>\n\t\t\t\t\t\t\t<\/div>\n\t\t<\/section>\n\t\t\t\t<section class=\"elementor-section elementor-top-section elementor-element elementor-element-2524323e elementor-section-full_width elementor-section-height-default elementor-section-height-default\" data-id=\"2524323e\" data-element_type=\"section\" data-settings=\"{&quot;background_background&quot;:&quot;classic&quot;}\">\n\t\t\t\t\t\t<div class=\"elementor-container elementor-column-gap-default\">\n\t\t\t\t\t<div class=\"elementor-column elementor-col-50 elementor-top-column elementor-element elementor-element-4f34be55\" data-id=\"4f34be55\" data-element_type=\"column\">\n\t\t\t<div class=\"elementor-widget-wrap elementor-element-populated\">\n\t\t\t\t\t\t\t\t<div class=\"elementor-element elementor-element-11a81a3d elementor-widget elementor-widget-image\" data-id=\"11a81a3d\" data-element_type=\"widget\" data-widget_type=\"image.default\">\n\t\t\t\t<div class=\"elementor-widget-container\">\n\t\t\t<style>\/*! elementor - v3.8.0 - 30-10-2022 *\/\n.elementor-widget-image{text-align:center}.elementor-widget-image a{display:inline-block}.elementor-widget-image a img[src$=\".svg\"]{width:48px}.elementor-widget-image img{vertical-align:middle;display:inline-block}<\/style>\t\t\t\t\t\t\t\t\t\t\t\t<img width=\"500\" height=\"500\" src=\"https:\/\/tjoyenter.fi\/wp-content\/uploads\/2024\/06\/Billy-The-Bleedings.jpg\" class=\"attachment-full size-full\" alt=\"\" loading=\"lazy\" srcset=\"https:\/\/tjoyenter.fi\/wp-content\/uploads\/2024\/06\/Billy-The-Bleedings.jpg 500w, https:\/\/tjoyenter.fi\/wp-content\/uploads\/2024\/06\/Billy-The-Bleedings-300x300.jpg 300w, https:\/\/tjoyenter.fi\/wp-content\/uploads\/2024\/06\/Billy-The-Bleedings-150x150.jpg 150w, https:\/\/tjoyenter.fi\/wp-content\/uploads\/2024\/06\/Billy-The-Bleedings-12x12.jpg 12w, https:\/\/tjoyenter.fi\/wp-content\/uploads\/2024\/06\/Billy-The-Bleedings-100x100.jpg 100w\" sizes=\"(max-width: 500px) 100vw, 500px\" \/>\t\t\t\t\t\t\t\t\t\t\t\t\t\t\t<\/div>\n\t\t\t\t<\/div>\n\t\t\t\t\t<\/div>\n\t\t<\/div>\n\t\t\t\t<div class=\"elementor-column elementor-col-50 elementor-top-column elementor-element elementor-element-5c093bd4\" data-id=\"5c093bd4\" data-element_type=\"column\">\n\t\t\t<div class=\"elementor-widget-wrap elementor-element-populated\">\n\t\t\t\t\t\t\t\t<div class=\"elementor-element elementor-element-1c4c81ed elementor-widget elementor-widget-text-editor\" data-id=\"1c4c81ed\" data-element_type=\"widget\" data-widget_type=\"text-editor.default\">\n\t\t\t\t<div class=\"elementor-widget-container\">\n\t\t\t<style>\/*! elementor - v3.8.0 - 30-10-2022 *\/\n.elementor-widget-text-editor.elementor-drop-cap-view-stacked .elementor-drop-cap{background-color:#818a91;color:#fff}.elementor-widget-text-editor.elementor-drop-cap-view-framed .elementor-drop-cap{color:#818a91;border:3px solid;background-color:transparent}.elementor-widget-text-editor:not(.elementor-drop-cap-view-default) .elementor-drop-cap{margin-top:8px}.elementor-widget-text-editor:not(.elementor-drop-cap-view-default) .elementor-drop-cap-letter{width:1em;height:1em}.elementor-widget-text-editor .elementor-drop-cap{float:left;text-align:center;line-height:1;font-size:50px}.elementor-widget-text-editor .elementor-drop-cap-letter{display:inline-block}<\/style>\t\t\t\t<div dir=\"ltr\"><div dir=\"ltr\"><p><span style=\"font-weight: 400;\">LET IT BLEED<\/span><\/p><p><span style=\"font-weight: 400;\">Billy &amp; The Bleedings on sein\u00e4jokinen duo joka soittaa omintakeista reipasta rockia. Idea l\u00e4hti liikkeelle jo vuonna 2023 er\u00e4\u00e4n\u00e4 sumuisena iltana ja duo p\u00e4r\u00e4ytti ensimm\u00e4iset tuotoksensa ilmoille 12.7.2024. Mielenkiintoiset sanoitukset ja reipas kitarapoljento ovat Billy &amp; The Bleedingsin ydint\u00e4.\u00a0<\/span><\/p><p><span style=\"font-weight: 400;\">Duossa vaikuttavat monista eri b\u00e4ndeist\u00e4 tutut Kalle O\u2019 ja pirinjaska. Mit\u00e4\u00e4n ei ole poissuljettu, eik\u00e4 my\u00f6sk\u00e4\u00e4n viel\u00e4 suuremmin lukkoon ly\u00f6ty. Hyv\u00e4\u00e4 musaa painetaan kuitenkin maailmalle silloin kuin sit\u00e4 sattuu syntym\u00e4\u00e4n. Kaksikko on toki jo aiemminkin esiintynyt my\u00f6s liven\u00e4 yhdess\u00e4, joten you never know. Musiikin ulosvuotamisen tasaista virtaa odottaen\u2026<\/span><\/p><\/div><\/div>\t\t\t\t\t\t<\/div>\n\t\t\t\t<\/div>\n\t\t\t\t\t<\/div>\n\t\t<\/div>\n\t\t\t\t\t\t\t<\/div>\n\t\t<\/section>\n\t\t\t\t\t\t\t<\/div>","protected":false},"excerpt":{"rendered":"<p>B\u00c4NDIT Billy &#038; The Bleedings LET IT BLEED Billy &amp; The Bleedings on sein\u00e4jokinen duo joka soittaa omintakeista reipasta rockia. Idea l\u00e4hti liikkeelle jo vuonna 2023 er\u00e4\u00e4n\u00e4 sumuisena iltana ja duo p\u00e4r\u00e4ytti ensimm\u00e4iset tuotoksensa ilmoille 12.7.2024. Mielenkiintoiset sanoitukset ja reipas kitarapoljento ovat Billy &amp; The Bleedingsin ydint\u00e4.\u00a0 Duossa vaikuttavat monista eri b\u00e4ndeist\u00e4 tutut Kalle O\u2019 [&hellip;]<\/p>","protected":false},"author":1,"featured_media":0,"parent":0,"menu_order":0,"comment_status":"closed","ping_status":"closed","template":"","meta":[],"_links":{"self":[{"href":"https:\/\/tjoyenter.fi\/en\/wp-json\/wp\/v2\/pages\/1318"}],"collection":[{"href":"https:\/\/tjoyenter.fi\/en\/wp-json\/wp\/v2\/pages"}],"about":[{"href":"https:\/\/tjoyenter.fi\/en\/wp-json\/wp\/v2\/types\/page"}],"author":[{"embeddable":true,"href":"https:\/\/tjoyenter.fi\/en\/wp-json\/wp\/v2\/users\/1"}],"replies":[{"embeddable":true,"href":"https:\/\/tjoyenter.fi\/en\/wp-json\/wp\/v2\/comments?post=1318"}],"version-history":[{"count":13,"href":"https:\/\/tjoyenter.fi\/en\/wp-json\/wp\/v2\/pages\/1318\/revisions"}],"predecessor-version":[{"id":1424,"href":"https:\/\/tjoyenter.fi\/en\/wp-json\/wp\/v2\/pages\/1318\/revisions\/1424"}],"wp:attachment":[{"href":"https:\/\/tjoyenter.fi\/en\/wp-json\/wp\/v2\/media?parent=1318"}],"curies":[{"name":"wp","href":"https:\/\/api.w.org\/{rel}","templated":true}]}}