{"id":1204,"date":"2024-01-10T17:57:13","date_gmt":"2024-01-10T17:57:13","guid":{"rendered":"https:\/\/tjoyenter.fi\/?page_id=1204"},"modified":"2026-01-16T05:03:04","modified_gmt":"2026-01-16T05:03:04","slug":"faktio","status":"publish","type":"page","link":"https:\/\/tjoyenter.fi\/en\/faktio\/","title":{"rendered":"Faktio"},"content":{"rendered":"<div data-elementor-type=\"wp-page\" data-elementor-id=\"1204\" class=\"elementor elementor-1204\">\n\t\t\t\t\t\t\t\t\t<section class=\"elementor-section elementor-top-section elementor-element elementor-element-5984f68 elementor-section-full_width elementor-section-height-default elementor-section-height-default\" data-id=\"5984f68\" data-element_type=\"section\">\n\t\t\t\t\t\t<div class=\"elementor-container elementor-column-gap-default\">\n\t\t\t\t\t<div class=\"elementor-column elementor-col-100 elementor-top-column elementor-element elementor-element-09d8acd\" data-id=\"09d8acd\" data-element_type=\"column\">\n\t\t\t<div class=\"elementor-widget-wrap elementor-element-populated\">\n\t\t\t\t\t\t\t\t<div class=\"elementor-element elementor-element-e4fa1f6 elementor-widget elementor-widget-heading\" data-id=\"e4fa1f6\" data-element_type=\"widget\" data-widget_type=\"heading.default\">\n\t\t\t\t<div class=\"elementor-widget-container\">\n\t\t\t<style>\/*! elementor - v3.8.0 - 30-10-2022 *\/\n.elementor-heading-title{padding:0;margin:0;line-height:1}.elementor-widget-heading .elementor-heading-title[class*=elementor-size-]>a{color:inherit;font-size:inherit;line-height:inherit}.elementor-widget-heading .elementor-heading-title.elementor-size-small{font-size:15px}.elementor-widget-heading .elementor-heading-title.elementor-size-medium{font-size:19px}.elementor-widget-heading .elementor-heading-title.elementor-size-large{font-size:29px}.elementor-widget-heading .elementor-heading-title.elementor-size-xl{font-size:39px}.elementor-widget-heading .elementor-heading-title.elementor-size-xxl{font-size:59px}<\/style><h5 class=\"elementor-heading-title elementor-size-default\">Bands<\/h5>\t\t<\/div>\n\t\t\t\t<\/div>\n\t\t\t\t<div class=\"elementor-element elementor-element-393f15a elementor-widget elementor-widget-heading\" data-id=\"393f15a\" data-element_type=\"widget\" data-widget_type=\"heading.default\">\n\t\t\t\t<div class=\"elementor-widget-container\">\n\t\t\t<h2 class=\"elementor-heading-title elementor-size-default\">Faktio<\/h2>\t\t<\/div>\n\t\t\t\t<\/div>\n\t\t\t\t\t<\/div>\n\t\t<\/div>\n\t\t\t\t\t\t\t<\/div>\n\t\t<\/section>\n\t\t\t\t<section class=\"elementor-section elementor-top-section elementor-element elementor-element-101b855 elementor-section-full_width elementor-section-height-default elementor-section-height-default\" data-id=\"101b855\" data-element_type=\"section\" data-settings=\"{&quot;background_background&quot;:&quot;classic&quot;}\">\n\t\t\t\t\t\t<div class=\"elementor-container elementor-column-gap-default\">\n\t\t\t\t\t<div class=\"elementor-column elementor-col-50 elementor-top-column elementor-element elementor-element-89983e5\" data-id=\"89983e5\" data-element_type=\"column\">\n\t\t\t<div class=\"elementor-widget-wrap elementor-element-populated\">\n\t\t\t\t\t\t\t\t<div class=\"elementor-element elementor-element-9c32eaf elementor-widget elementor-widget-image\" data-id=\"9c32eaf\" data-element_type=\"widget\" data-widget_type=\"image.default\">\n\t\t\t\t<div class=\"elementor-widget-container\">\n\t\t\t<style>\/*! elementor - v3.8.0 - 30-10-2022 *\/\n.elementor-widget-image{text-align:center}.elementor-widget-image a{display:inline-block}.elementor-widget-image a img[src$=\".svg\"]{width:48px}.elementor-widget-image img{vertical-align:middle;display:inline-block}<\/style>\t\t\t\t\t\t\t\t\t\t\t\t<img width=\"750\" height=\"750\" src=\"https:\/\/tjoyenter.fi\/wp-content\/uploads\/2024\/01\/faktio.jpg\" class=\"attachment-large size-large\" alt=\"\" loading=\"lazy\" srcset=\"https:\/\/tjoyenter.fi\/wp-content\/uploads\/2024\/01\/faktio.jpg 750w, https:\/\/tjoyenter.fi\/wp-content\/uploads\/2024\/01\/faktio-300x300.jpg 300w, https:\/\/tjoyenter.fi\/wp-content\/uploads\/2024\/01\/faktio-150x150.jpg 150w, https:\/\/tjoyenter.fi\/wp-content\/uploads\/2024\/01\/faktio-12x12.jpg 12w, https:\/\/tjoyenter.fi\/wp-content\/uploads\/2024\/01\/faktio-600x600.jpg 600w, https:\/\/tjoyenter.fi\/wp-content\/uploads\/2024\/01\/faktio-100x100.jpg 100w\" sizes=\"(max-width: 750px) 100vw, 750px\" \/>\t\t\t\t\t\t\t\t\t\t\t\t\t\t\t<\/div>\n\t\t\t\t<\/div>\n\t\t\t\t\t<\/div>\n\t\t<\/div>\n\t\t\t\t<div class=\"elementor-column elementor-col-50 elementor-top-column elementor-element elementor-element-7e8b306\" data-id=\"7e8b306\" data-element_type=\"column\">\n\t\t\t<div class=\"elementor-widget-wrap elementor-element-populated\">\n\t\t\t\t\t\t\t\t<div class=\"elementor-element elementor-element-4a9d1b9 elementor-widget elementor-widget-heading\" data-id=\"4a9d1b9\" data-element_type=\"widget\" data-widget_type=\"heading.default\">\n\t\t\t\t<div class=\"elementor-widget-container\">\n\t\t\t<h2 class=\"elementor-heading-title elementor-size-default\">SUOMEN MGK VAI JOTAIN MUUTA?<\/h2>\t\t<\/div>\n\t\t\t\t<\/div>\n\t\t\t\t<div class=\"elementor-element elementor-element-5e0cb6d elementor-widget elementor-widget-text-editor\" data-id=\"5e0cb6d\" data-element_type=\"widget\" data-widget_type=\"text-editor.default\">\n\t\t\t\t<div class=\"elementor-widget-container\">\n\t\t\t<style>\/*! elementor - v3.8.0 - 30-10-2022 *\/\n.elementor-widget-text-editor.elementor-drop-cap-view-stacked .elementor-drop-cap{background-color:#818a91;color:#fff}.elementor-widget-text-editor.elementor-drop-cap-view-framed .elementor-drop-cap{color:#818a91;border:3px solid;background-color:transparent}.elementor-widget-text-editor:not(.elementor-drop-cap-view-default) .elementor-drop-cap{margin-top:8px}.elementor-widget-text-editor:not(.elementor-drop-cap-view-default) .elementor-drop-cap-letter{width:1em;height:1em}.elementor-widget-text-editor .elementor-drop-cap{float:left;text-align:center;line-height:1;font-size:50px}.elementor-widget-text-editor .elementor-drop-cap-letter{display:inline-block}<\/style>\t\t\t\t<p><span style=\"font-weight: 400;\">Faktio l\u00e4hti liikkeelle Vaasalaisten kavereiden bissenkatkuisesta perjantai-illasta Uncle J:n studiolla. Matsku ja Samu mietti, ett\u00e4 mit\u00e4h\u00e4n b\u00e4ndin muut j\u00e4tk\u00e4t mahtaa kyseisen\u00e4 iltana tehd\u00e4. Studiolla olivat, joten sinne l\u00e4hdettiin. Siell\u00e4 p\u00e4\u00e4tettiin hetken mielijohteesta l\u00e4p\u00e4ll\u00e4 v\u00e4s\u00e4t\u00e4 halloween-teemainen r\u00e4ppibiisi, joka syntyi kuin itsest\u00e4\u00e4n ja sen tekeminen oli ennen kaikkea helvetin hauskaa. Siit\u00e4 tuli yll\u00e4tt\u00e4v\u00e4n hyv\u00e4, ja samantien alettiin miettim\u00e4\u00e4n jo seuraavaa biisi\u00e4.<\/span><\/p><p><span style=\"font-weight: 400;\">Jossain kohtaa tajuttiin, ett\u00e4 voitaisiin tehd\u00e4 v\u00e4h\u00e4n parempaakin setti\u00e4, ja sen seurauksena tiputettiinkin ensimm\u00e4isen\u00e4 sinkkuna \u201dViisp\u00e4inen hirvi\u00f6\u201d. Se sai yll\u00e4tt\u00e4v\u00e4nkin hyv\u00e4n vastaanoton, ja siit\u00e4 se sitten l\u00e4hti! Punkrock tyyppist\u00e4 musaa kokeiltiin \u201dHuuda vaa\u201d -biisill\u00e4, joka avasi silm\u00e4t siihen, ett\u00e4 miksip\u00e4 j\u00e4\u00e4d\u00e4 jumiin yhteen genreen. Iso kasa biisej\u00e4 on tiputeltu aikojen saatossa r\u00e4pist\u00e4 punkrockiin ja jotain silt\u00e4 v\u00e4lilt\u00e4. Keikkaa heitet\u00e4\u00e4n ja lis\u00e4\u00e4 musaa tulee jatkuvasti ulos studioluolasta.<\/span><\/p>\t\t\t\t\t\t<\/div>\n\t\t\t\t<\/div>\n\t\t\t\t\t<\/div>\n\t\t<\/div>\n\t\t\t\t\t\t\t<\/div>\n\t\t<\/section>\n\t\t\t\t<section class=\"elementor-section elementor-top-section elementor-element elementor-element-878aa9b elementor-section-full_width elementor-section-height-default elementor-section-height-default\" data-id=\"878aa9b\" data-element_type=\"section\" data-settings=\"{&quot;background_background&quot;:&quot;classic&quot;}\">\n\t\t\t\t\t\t<div class=\"elementor-container elementor-column-gap-default\">\n\t\t\t\t\t<div class=\"elementor-column elementor-col-50 elementor-top-column elementor-element elementor-element-916c478\" data-id=\"916c478\" data-element_type=\"column\">\n\t\t\t<div class=\"elementor-widget-wrap elementor-element-populated\">\n\t\t\t\t\t\t\t\t<div class=\"elementor-element elementor-element-e9d075f elementor-widget elementor-widget-image\" data-id=\"e9d075f\" data-element_type=\"widget\" data-widget_type=\"image.default\">\n\t\t\t\t<div class=\"elementor-widget-container\">\n\t\t\t\t\t\t\t\t\t\t\t\t\t\t\t<img width=\"750\" height=\"750\" src=\"https:\/\/tjoyenter.fi\/wp-content\/uploads\/2024\/01\/faktio-1.jpg\" class=\"attachment-large size-large\" alt=\"\" loading=\"lazy\" srcset=\"https:\/\/tjoyenter.fi\/wp-content\/uploads\/2024\/01\/faktio-1.jpg 750w, https:\/\/tjoyenter.fi\/wp-content\/uploads\/2024\/01\/faktio-1-300x300.jpg 300w, https:\/\/tjoyenter.fi\/wp-content\/uploads\/2024\/01\/faktio-1-150x150.jpg 150w, https:\/\/tjoyenter.fi\/wp-content\/uploads\/2024\/01\/faktio-1-12x12.jpg 12w, https:\/\/tjoyenter.fi\/wp-content\/uploads\/2024\/01\/faktio-1-600x600.jpg 600w, https:\/\/tjoyenter.fi\/wp-content\/uploads\/2024\/01\/faktio-1-100x100.jpg 100w\" sizes=\"(max-width: 750px) 100vw, 750px\" \/>\t\t\t\t\t\t\t\t\t\t\t\t\t\t\t<\/div>\n\t\t\t\t<\/div>\n\t\t\t\t\t<\/div>\n\t\t<\/div>\n\t\t\t\t<div class=\"elementor-column elementor-col-50 elementor-top-column elementor-element elementor-element-5114a26\" data-id=\"5114a26\" data-element_type=\"column\">\n\t\t\t<div class=\"elementor-widget-wrap elementor-element-populated\">\n\t\t\t\t\t\t\t\t<div class=\"elementor-element elementor-element-db41ad0 elementor-widget elementor-widget-image\" data-id=\"db41ad0\" data-element_type=\"widget\" data-widget_type=\"image.default\">\n\t\t\t\t<div class=\"elementor-widget-container\">\n\t\t\t\t\t\t\t\t\t\t\t\t\t\t\t<img width=\"750\" height=\"750\" src=\"https:\/\/tjoyenter.fi\/wp-content\/uploads\/2024\/01\/faktio-2.jpg\" class=\"attachment-large size-large\" alt=\"\" loading=\"lazy\" srcset=\"https:\/\/tjoyenter.fi\/wp-content\/uploads\/2024\/01\/faktio-2.jpg 750w, https:\/\/tjoyenter.fi\/wp-content\/uploads\/2024\/01\/faktio-2-300x300.jpg 300w, https:\/\/tjoyenter.fi\/wp-content\/uploads\/2024\/01\/faktio-2-150x150.jpg 150w, https:\/\/tjoyenter.fi\/wp-content\/uploads\/2024\/01\/faktio-2-12x12.jpg 12w, https:\/\/tjoyenter.fi\/wp-content\/uploads\/2024\/01\/faktio-2-600x600.jpg 600w, https:\/\/tjoyenter.fi\/wp-content\/uploads\/2024\/01\/faktio-2-100x100.jpg 100w\" sizes=\"(max-width: 750px) 100vw, 750px\" \/>\t\t\t\t\t\t\t\t\t\t\t\t\t\t\t<\/div>\n\t\t\t\t<\/div>\n\t\t\t\t\t<\/div>\n\t\t<\/div>\n\t\t\t\t\t\t\t<\/div>\n\t\t<\/section>\n\t\t\t\t<section class=\"elementor-section elementor-top-section elementor-element elementor-element-e39297d elementor-section-boxed elementor-section-height-default elementor-section-height-default\" data-id=\"e39297d\" data-element_type=\"section\" data-settings=\"{&quot;background_background&quot;:&quot;classic&quot;}\">\n\t\t\t\t\t\t<div class=\"elementor-container elementor-column-gap-default\">\n\t\t\t\t\t<div class=\"elementor-column elementor-col-100 elementor-top-column elementor-element elementor-element-d49d662\" data-id=\"d49d662\" data-element_type=\"column\">\n\t\t\t<div class=\"elementor-widget-wrap elementor-element-populated\">\n\t\t\t\t\t\t\t\t<div class=\"elementor-element elementor-element-f459ed8 elementor-widget elementor-widget-html\" data-id=\"f459ed8\" data-element_type=\"widget\" data-widget_type=\"html.default\">\n\t\t\t\t<div class=\"elementor-widget-container\">\n\t\t\t<iframe style=\"border-radius:12px\" src=\"https:\/\/open.spotify.com\/embed\/artist\/4HwQB114g2xJ4BWTwUdHw5?utm_source=generator&theme=0\" width=\"100%\" height=\"352\" frameborder=\"0\" allowfullscreen=\"\" allow=\"autoplay; clipboard-write; encrypted-media; fullscreen; picture-in-picture\" loading=\"lazy\"><\/iframe>\t\t<\/div>\n\t\t\t\t<\/div>\n\t\t\t\t\t<\/div>\n\t\t<\/div>\n\t\t\t\t\t\t\t<\/div>\n\t\t<\/section>\n\t\t\t\t\t\t\t<\/div>","protected":false},"excerpt":{"rendered":"<p>B\u00c4NDIT Faktio SUOMEN MGK VAI JOTAIN MUUTA? Faktio l\u00e4hti liikkeelle Vaasalaisten kavereiden bissenkatkuisesta perjantai-illasta Uncle J:n studiolla. Matsku ja Samu mietti, ett\u00e4 mit\u00e4h\u00e4n b\u00e4ndin muut j\u00e4tk\u00e4t mahtaa kyseisen\u00e4 iltana tehd\u00e4. Studiolla olivat, joten sinne l\u00e4hdettiin. Siell\u00e4 p\u00e4\u00e4tettiin hetken mielijohteesta l\u00e4p\u00e4ll\u00e4 v\u00e4s\u00e4t\u00e4 halloween-teemainen r\u00e4ppibiisi, joka syntyi kuin itsest\u00e4\u00e4n ja sen tekeminen oli ennen kaikkea helvetin hauskaa. [&hellip;]<\/p>","protected":false},"author":1,"featured_media":0,"parent":0,"menu_order":0,"comment_status":"closed","ping_status":"closed","template":"","meta":[],"_links":{"self":[{"href":"https:\/\/tjoyenter.fi\/en\/wp-json\/wp\/v2\/pages\/1204"}],"collection":[{"href":"https:\/\/tjoyenter.fi\/en\/wp-json\/wp\/v2\/pages"}],"about":[{"href":"https:\/\/tjoyenter.fi\/en\/wp-json\/wp\/v2\/types\/page"}],"author":[{"embeddable":true,"href":"https:\/\/tjoyenter.fi\/en\/wp-json\/wp\/v2\/users\/1"}],"replies":[{"embeddable":true,"href":"https:\/\/tjoyenter.fi\/en\/wp-json\/wp\/v2\/comments?post=1204"}],"version-history":[{"count":14,"href":"https:\/\/tjoyenter.fi\/en\/wp-json\/wp\/v2\/pages\/1204\/revisions"}],"predecessor-version":[{"id":1421,"href":"https:\/\/tjoyenter.fi\/en\/wp-json\/wp\/v2\/pages\/1204\/revisions\/1421"}],"wp:attachment":[{"href":"https:\/\/tjoyenter.fi\/en\/wp-json\/wp\/v2\/media?parent=1204"}],"curies":[{"name":"wp","href":"https:\/\/api.w.org\/{rel}","templated":true}]}}