{"id":12,"date":"2022-06-08T20:27:21","date_gmt":"2022-06-08T20:27:21","guid":{"rendered":"https:\/\/tjoyenter.fi\/?page_id=12"},"modified":"2026-01-16T05:05:58","modified_gmt":"2026-01-16T05:05:58","slug":"meista","status":"publish","type":"page","link":"https:\/\/tjoyenter.fi\/en\/meista\/","title":{"rendered":"Us"},"content":{"rendered":"<div data-elementor-type=\"wp-page\" data-elementor-id=\"12\" class=\"elementor elementor-12\">\n\t\t\t\t\t\t\t\t\t<section class=\"elementor-section elementor-top-section elementor-element elementor-element-ed5df89 elementor-section-full_width elementor-section-height-min-height elementor-section-height-default elementor-section-items-middle\" data-id=\"ed5df89\" data-element_type=\"section\" data-settings=\"{&quot;background_background&quot;:&quot;classic&quot;}\">\n\t\t\t\t\t\t\t<div class=\"elementor-background-overlay\"><\/div>\n\t\t\t\t\t\t\t<div class=\"elementor-container elementor-column-gap-default\">\n\t\t\t\t\t<div class=\"elementor-column elementor-col-100 elementor-top-column elementor-element elementor-element-a1ff9b5\" data-id=\"a1ff9b5\" data-element_type=\"column\" data-settings=\"{&quot;background_background&quot;:&quot;classic&quot;}\">\n\t\t\t<div class=\"elementor-widget-wrap elementor-element-populated\">\n\t\t\t\t\t\t\t\t<div class=\"elementor-element elementor-element-2f6e8e3 elementor-widget elementor-widget-heading\" data-id=\"2f6e8e3\" data-element_type=\"widget\" data-widget_type=\"heading.default\">\n\t\t\t\t<div class=\"elementor-widget-container\">\n\t\t\t<style>\/*! elementor - v3.8.0 - 30-10-2022 *\/\n.elementor-heading-title{padding:0;margin:0;line-height:1}.elementor-widget-heading .elementor-heading-title[class*=elementor-size-]>a{color:inherit;font-size:inherit;line-height:inherit}.elementor-widget-heading .elementor-heading-title.elementor-size-small{font-size:15px}.elementor-widget-heading .elementor-heading-title.elementor-size-medium{font-size:19px}.elementor-widget-heading .elementor-heading-title.elementor-size-large{font-size:29px}.elementor-widget-heading .elementor-heading-title.elementor-size-xl{font-size:39px}.elementor-widget-heading .elementor-heading-title.elementor-size-xxl{font-size:59px}<\/style><h2 class=\"elementor-heading-title elementor-size-default\">What is Tjoy Entertainment?<\/h2>\t\t<\/div>\n\t\t\t\t<\/div>\n\t\t\t\t\t<\/div>\n\t\t<\/div>\n\t\t\t\t\t\t\t<\/div>\n\t\t<\/section>\n\t\t\t\t<section class=\"elementor-section elementor-top-section elementor-element elementor-element-6e840f10 elementor-section-content-middle elementor-reverse-tablet elementor-reverse-mobile elementor-section-boxed elementor-section-height-default elementor-section-height-default\" data-id=\"6e840f10\" data-element_type=\"section\" data-settings=\"{&quot;background_background&quot;:&quot;classic&quot;}\">\n\t\t\t\t\t\t<div class=\"elementor-container elementor-column-gap-default\">\n\t\t\t\t\t<div class=\"elementor-column elementor-col-100 elementor-top-column elementor-element elementor-element-85978d2\" data-id=\"85978d2\" data-element_type=\"column\" data-settings=\"{&quot;background_background&quot;:&quot;classic&quot;}\">\n\t\t\t<div class=\"elementor-widget-wrap elementor-element-populated\">\n\t\t\t\t\t\t\t\t<div class=\"elementor-element elementor-element-5355e6a elementor-widget elementor-widget-heading\" data-id=\"5355e6a\" data-element_type=\"widget\" data-widget_type=\"heading.default\">\n\t\t\t\t<div class=\"elementor-widget-container\">\n\t\t\t<h3 class=\"elementor-heading-title elementor-size-default\">Well this<\/h3>\t\t<\/div>\n\t\t\t\t<\/div>\n\t\t\t\t<div class=\"elementor-element elementor-element-a575c2e elementor-widget elementor-widget-text-editor\" data-id=\"a575c2e\" data-element_type=\"widget\" data-widget_type=\"text-editor.default\">\n\t\t\t\t<div class=\"elementor-widget-container\">\n\t\t\t<style>\/*! elementor - v3.8.0 - 30-10-2022 *\/\n.elementor-widget-text-editor.elementor-drop-cap-view-stacked .elementor-drop-cap{background-color:#818a91;color:#fff}.elementor-widget-text-editor.elementor-drop-cap-view-framed .elementor-drop-cap{color:#818a91;border:3px solid;background-color:transparent}.elementor-widget-text-editor:not(.elementor-drop-cap-view-default) .elementor-drop-cap{margin-top:8px}.elementor-widget-text-editor:not(.elementor-drop-cap-view-default) .elementor-drop-cap-letter{width:1em;height:1em}.elementor-widget-text-editor .elementor-drop-cap{float:left;text-align:center;line-height:1;font-size:50px}.elementor-widget-text-editor .elementor-drop-cap-letter{display:inline-block}<\/style>\t\t\t\t<p><span style=\"font-weight: 400;\">TJOY ENTERTAINMENT on pienen kokoluokan riippumaton levy- ja tuotantoyhti\u00f6 artisteille ja b\u00e4ndeille, jotka haluavat saada \u00e4\u00e4nens\u00e4 ja musiikkinsa kuuluviin ja n\u00e4kyviin. Musiikin tuottaminen, julkaisu, jakelu ja markkinointi ovat toimintamme ydint\u00e4.<\/span><\/p><p><span style=\"font-weight: 400;\">Yhti\u00f6mme kykenee pit\u00e4m\u00e4\u00e4n kirjoillaan viidest\u00e4 kymmeneen genrens\u00e4 lupaavaa\/nousevaa artistia. P\u00e4\u00e4teht\u00e4v\u00e4mme on hoitaa musiikin julkaisu, jakelu ja markkinointi siten, ett\u00e4 toimimme samalla jokaisen artistin tai yhtyeen tuottajana tai apulaistuottajana. Tiell\u00e4 musiikkimaailman menestykseen artisteillamme on mahdollisuus verkostoitua alan huippuihmisten kanssa. Kaikki tehd\u00e4\u00e4n artistin ehdoilla. Voidaan tehd\u00e4 pient\u00e4 tai l\u00e4hte\u00e4 tavoittelemaan jotain suurta.<\/span><\/p><p><span style=\"font-weight: 400;\">TJOY ENTERTAINMENT palvelee artisteja kasvavissa m\u00e4\u00e4rin my\u00f6s studiopalvelujen tuotannossa. Musiikin \u00e4\u00e4nitt\u00e4misess\u00e4 on mahdollisuus k\u00e4ytt\u00e4\u00e4 alan viimeisint\u00e4 tekniikkaa ja saada raudanlujaa apua \u00e4\u00e4nitysalan ammattilaisilta sek\u00e4 muusikoilta. Projektit hoidetaan Kiikku Recordsin studiolla Sein\u00e4joella tai k\u00e4ytet\u00e4\u00e4n tarvittaessa studioita muualta artistin kotipaikan n\u00e4in m\u00e4\u00e4ritelless\u00e4. Uusi studio TJOY Entertainmentille (Kiikku Records) valmistui vuonna 2023.<\/span><\/p><p><span style=\"font-weight: 400;\">TJOY Entertainment uses all the profits from the business to charity or helping new artists and bands.<\/span><\/p><p><span style=\"font-weight: 400;\">Olemme viel\u00e4 tarinamme alussa, mutta eteenp\u00e4in menn\u00e4\u00e4n kovaa vauhtia. Muovistuvassa ja keskittyv\u00e4ss\u00e4 musiikkimaailmassa tarvitaan tekij\u00f6it\u00e4, joilla on syd\u00e4n paikallaan ja tahto taistella isoa konetta vastaan. Rakennamme musiikintuottamista aivan uudenlaisen ja yksinkertaisen konseptin kautta antaen nouseville artisteille mahdollisuuksia, jollaisia ei ole ennen n\u00e4hty. Homma on suunmy\u00f6t\u00e4ist\u00e4 ja helposti l\u00e4hestytt\u00e4v\u00e4\u00e4. Ennen kaikkea, hommaa tehd\u00e4\u00e4n suurella syd\u00e4mell\u00e4. Ihmisen\u00e4 ihmiselle.<\/span><\/p><p><span style=\"font-weight: 400;\">TJOY ENTERTAINMENT sijaitsee kaiken keskell\u00e4 Sein\u00e4joella \u2013 avaruuden p\u00e4\u00e4kaupungissa. Vuodesta toiseen ly\u00f6d\u00e4\u00e4n seuraavaa, pari pyk\u00e4l\u00e4\u00e4 suurempaa, vaihdetta silm\u00e4\u00e4n.<\/span><\/p><p><span style=\"font-weight: 400;\">Rock!<\/span><\/p>\t\t\t\t\t\t<\/div>\n\t\t\t\t<\/div>\n\t\t\t\t<div class=\"elementor-element elementor-element-1ff215d elementor-widget elementor-widget-heading\" data-id=\"1ff215d\" data-element_type=\"widget\" data-widget_type=\"heading.default\">\n\t\t\t\t<div class=\"elementor-widget-container\">\n\t\t\t<h2 class=\"elementor-heading-title elementor-size-default\">Success is not given but made. Nothing less but more for all<br>-Success by TJOY-<\/h2>\t\t<\/div>\n\t\t\t\t<\/div>\n\t\t\t\t\t<\/div>\n\t\t<\/div>\n\t\t\t\t\t\t\t<\/div>\n\t\t<\/section>\n\t\t\t\t<section class=\"elementor-section elementor-top-section elementor-element elementor-element-2c39d5a4 elementor-section-boxed elementor-section-height-default elementor-section-height-default\" data-id=\"2c39d5a4\" data-element_type=\"section\" data-settings=\"{&quot;background_background&quot;:&quot;classic&quot;}\">\n\t\t\t\t\t\t<div class=\"elementor-container elementor-column-gap-default\">\n\t\t\t\t\t<div class=\"elementor-column elementor-col-100 elementor-top-column elementor-element elementor-element-63016b31\" data-id=\"63016b31\" data-element_type=\"column\">\n\t\t\t<div class=\"elementor-widget-wrap elementor-element-populated\">\n\t\t\t\t\t\t\t\t<div class=\"elementor-element elementor-element-47aae842 elementor-widget elementor-widget-heading\" data-id=\"47aae842\" data-element_type=\"widget\" data-widget_type=\"heading.default\">\n\t\t\t\t<div class=\"elementor-widget-container\">\n\t\t\t<h5 class=\"elementor-heading-title elementor-size-default\">Gallery<\/h5>\t\t<\/div>\n\t\t\t\t<\/div>\n\t\t\t\t<div class=\"elementor-element elementor-element-6e8920eb elementor-widget elementor-widget-heading\" data-id=\"6e8920eb\" data-element_type=\"widget\" data-widget_type=\"heading.default\">\n\t\t\t\t<div class=\"elementor-widget-container\">\n\t\t\t<h2 class=\"elementor-heading-title elementor-size-default\">Pictures<\/h2>\t\t<\/div>\n\t\t\t\t<\/div>\n\t\t\t\t\t<\/div>\n\t\t<\/div>\n\t\t\t\t\t\t\t<\/div>\n\t\t<\/section>\n\t\t\t\t<section class=\"elementor-section elementor-top-section elementor-element elementor-element-78ff6c23 elementor-section-boxed elementor-section-height-default elementor-section-height-default\" data-id=\"78ff6c23\" data-element_type=\"section\" data-settings=\"{&quot;background_background&quot;:&quot;classic&quot;}\">\n\t\t\t\t\t\t<div class=\"elementor-container elementor-column-gap-default\">\n\t\t\t\t\t<div class=\"elementor-column elementor-col-100 elementor-top-column elementor-element elementor-element-56b4acac\" data-id=\"56b4acac\" data-element_type=\"column\">\n\t\t\t<div class=\"elementor-widget-wrap elementor-element-populated\">\n\t\t\t\t\t\t\t\t<div class=\"elementor-element elementor-element-fbfa46f elementor-skin-carousel elementor-arrows-yes elementor-pagination-type-bullets elementor-pagination-position-outside elementor-widget elementor-widget-media-carousel\" data-id=\"fbfa46f\" data-element_type=\"widget\" data-settings=\"{&quot;slides_per_view&quot;:&quot;4&quot;,&quot;autoplay_speed&quot;:7000,&quot;skin&quot;:&quot;carousel&quot;,&quot;effect&quot;:&quot;slide&quot;,&quot;show_arrows&quot;:&quot;yes&quot;,&quot;pagination&quot;:&quot;bullets&quot;,&quot;speed&quot;:500,&quot;autoplay&quot;:&quot;yes&quot;,&quot;loop&quot;:&quot;yes&quot;,&quot;pause_on_hover&quot;:&quot;yes&quot;,&quot;pause_on_interaction&quot;:&quot;yes&quot;,&quot;space_between&quot;:{&quot;unit&quot;:&quot;px&quot;,&quot;size&quot;:10,&quot;sizes&quot;:[]},&quot;space_between_tablet&quot;:{&quot;unit&quot;:&quot;px&quot;,&quot;size&quot;:10,&quot;sizes&quot;:[]},&quot;space_between_mobile&quot;:{&quot;unit&quot;:&quot;px&quot;,&quot;size&quot;:10,&quot;sizes&quot;:[]}}\" data-widget_type=\"media-carousel.default\">\n\t\t\t\t<div class=\"elementor-widget-container\">\n\t\t\t<link rel=\"stylesheet\" href=\"https:\/\/tjoyenter.fi\/wp-content\/plugins\/elementor-pro\/assets\/css\/widget-carousel.min.css\">\t\t<div class=\"elementor-swiper\">\n\t\t\t<div class=\"elementor-main-swiper swiper-container\">\n\t\t\t\t<div class=\"swiper-wrapper\">\n\t\t\t\t\t\t\t\t\t\t\t<div class=\"swiper-slide\">\n\t\t\t\t\t\t\t\t\t<div class=\"elementor-carousel-image\" style=\"background-image: url(https:\/\/tjoyenter.fi\/wp-content\/uploads\/elementor\/thumbs\/Image-scaled-e1667476672443-pxctnioc7lvjg0f84g5wk6xrl7w08lkcnxmpxn5lps.jpeg)\">\n\n\t\t\t\n\t\t\t\t\t<\/div>\n\t\t\t\t\t\t\t\t<\/div>\n\t\t\t\t\t\t\t\t\t\t\t<div class=\"swiper-slide\">\n\t\t\t\t\t\t\t\t\t<div class=\"elementor-carousel-image\" style=\"background-image: url(https:\/\/tjoyenter.fi\/wp-content\/uploads\/elementor\/thumbs\/IMG-1504-scaled-pxctrupjq3t4za4ktblz23ka76ixqcrsldxblkq90w.jpg)\">\n\n\t\t\t\n\t\t\t\t\t<\/div>\n\t\t\t\t\t\t\t\t<\/div>\n\t\t\t\t\t\t\t\t\t\t\t<div class=\"swiper-slide\">\n\t\t\t\t\t\t\t\t\t<div class=\"elementor-carousel-image\" style=\"background-image: url(https:\/\/tjoyenter.fi\/wp-content\/uploads\/elementor\/thumbs\/IMG-0990-scaled-pxctseg5pmk5r3bwm2550gkyo9tn7zy5o3miodwze8.jpg)\">\n\n\t\t\t\n\t\t\t\t\t<\/div>\n\t\t\t\t\t\t\t\t<\/div>\n\t\t\t\t\t\t\t\t\t\t\t<div class=\"swiper-slide\">\n\t\t\t\t\t\t\t\t\t<div class=\"elementor-carousel-image\" style=\"background-image: url(https:\/\/tjoyenter.fi\/wp-content\/uploads\/elementor\/thumbs\/4CCC9986-5E12-4AC7-BA2E-389BDA0B9C3C-pxctsx8xib9w7aklka9oebu6jz8zhy0seoo89x53xs.jpg)\">\n\n\t\t\t\n\t\t\t\t\t<\/div>\n\t\t\t\t\t\t\t\t<\/div>\n\t\t\t\t\t\t\t\t\t\t\t<div class=\"swiper-slide\">\n\t\t\t\t\t\t\t\t\t<div class=\"elementor-carousel-image\" style=\"background-image: url(https:\/\/tjoyenter.fi\/wp-content\/uploads\/elementor\/thumbs\/IMG-1599-scaled-pxcttbcictt71g049yd2xqa3grbhpekrgmgih2k7cg.jpg)\">\n\n\t\t\t\n\t\t\t\t\t<\/div>\n\t\t\t\t\t\t\t\t<\/div>\n\t\t\t\t\t\t\t\t\t\t\t<div class=\"swiper-slide\">\n\t\t\t\t\t\t\t\t\t<div class=\"elementor-carousel-image\" style=\"background-image: url(https:\/\/tjoyenter.fi\/wp-content\/uploads\/elementor\/thumbs\/IMG-4638-pxctvz81pxgfxo4uq3t10234226xij5dtt01fam1ps.jpg)\">\n\n\t\t\t\n\t\t\t\t\t<\/div>\n\t\t\t\t\t\t\t\t<\/div>\n\t\t\t\t\t\t\t\t\t\t\t<div class=\"swiper-slide\">\n\t\t\t\t\t\t\t\t\t<div class=\"elementor-carousel-image\" style=\"background-image: url(https:\/\/tjoyenter.fi\/wp-content\/uploads\/elementor\/thumbs\/IMG-4569-pxctvl4gvex53ipc0fpmgnn75a4fb2lerv7r856yb4.jpg)\">\n\n\t\t\t\n\t\t\t\t\t<\/div>\n\t\t\t\t\t\t\t\t<\/div>\n\t\t\t\t\t\t\t\t\t\t\t<div class=\"swiper-slide\">\n\t\t\t\t\t\t\t\t\t<div class=\"elementor-carousel-image\" style=\"background-image: url(https:\/\/tjoyenter.fi\/wp-content\/uploads\/elementor\/thumbs\/7b98bf4c-7d49-4ff5-9f10-76888c0db5d2-e1655143044965-pxctuq3slvqogdye1kaxodgzjkdb9269nloqe0gy0g.jpg)\">\n\n\t\t\t\n\t\t\t\t\t<\/div>\n\t\t\t\t\t\t\t\t<\/div>\n\t\t\t\t\t\t\t\t\t\t\t<div class=\"swiper-slide\">\n\t\t\t\t\t\t\t\t\t<div class=\"elementor-carousel-image\" style=\"background-image: url(https:\/\/tjoyenter.fi\/wp-content\/uploads\/elementor\/thumbs\/IMG-1420-1-scaled-pxctv39j9k8oyxf9wpzpna5fuykg8tmidetj3vxflc.jpg)\">\n\n\t\t\t\n\t\t\t\t\t<\/div>\n\t\t\t\t\t\t\t\t<\/div>\n\t\t\t\t\t\t\t\t\t<\/div>\n\t\t\t\t\t\t\t\t\t\t\t\t\t\t\t<div class=\"swiper-pagination\"><\/div>\n\t\t\t\t\t\t\t\t\t\t\t\t\t\t\t\t<div class=\"elementor-swiper-button elementor-swiper-button-prev\">\n\t\t\t\t\t\t\t<i aria-hidden=\"true\" class=\"eicon-chevron-left\"><\/i>\t\t\t\t\t\t\t<span class=\"elementor-screen-only\" data-no-translation=\"\" data-trp-gettext=\"\">Previous<\/span>\n\t\t\t\t\t\t<\/div>\n\t\t\t\t\t\t<div class=\"elementor-swiper-button elementor-swiper-button-next\">\n\t\t\t\t\t\t\t<i aria-hidden=\"true\" class=\"eicon-chevron-right\"><\/i>\t\t\t\t\t\t\t<span class=\"elementor-screen-only\" data-no-translation=\"\" data-trp-gettext=\"\">Next<\/span>\n\t\t\t\t\t\t<\/div>\n\t\t\t\t\t\t\t\t\t\t\t\t<\/div>\n\t\t<\/div>\n\t\t\t\t<\/div>\n\t\t\t\t<\/div>\n\t\t\t\t\t<\/div>\n\t\t<\/div>\n\t\t\t\t\t\t\t<\/div>\n\t\t<\/section>\n\t\t\t\t\t\t\t<\/div>","protected":false},"excerpt":{"rendered":"<p>Mik\u00e4 on TJOY Entertainment? NO T\u00c4M\u00c4 TJOY ENTERTAINMENT on pienen kokoluokan riippumaton levy- ja tuotantoyhti\u00f6 artisteille ja b\u00e4ndeille, jotka haluavat saada \u00e4\u00e4nens\u00e4 ja musiikkinsa kuuluviin ja n\u00e4kyviin. Musiikin tuottaminen, julkaisu, jakelu ja markkinointi ovat toimintamme ydint\u00e4. Yhti\u00f6mme kykenee pit\u00e4m\u00e4\u00e4n kirjoillaan viidest\u00e4 kymmeneen genrens\u00e4 lupaavaa\/nousevaa artistia. P\u00e4\u00e4teht\u00e4v\u00e4mme on hoitaa musiikin julkaisu, jakelu ja markkinointi siten, ett\u00e4 [&hellip;]<\/p>","protected":false},"author":1,"featured_media":0,"parent":0,"menu_order":0,"comment_status":"closed","ping_status":"closed","template":"","meta":[],"_links":{"self":[{"href":"https:\/\/tjoyenter.fi\/en\/wp-json\/wp\/v2\/pages\/12"}],"collection":[{"href":"https:\/\/tjoyenter.fi\/en\/wp-json\/wp\/v2\/pages"}],"about":[{"href":"https:\/\/tjoyenter.fi\/en\/wp-json\/wp\/v2\/types\/page"}],"author":[{"embeddable":true,"href":"https:\/\/tjoyenter.fi\/en\/wp-json\/wp\/v2\/users\/1"}],"replies":[{"embeddable":true,"href":"https:\/\/tjoyenter.fi\/en\/wp-json\/wp\/v2\/comments?post=12"}],"version-history":[{"count":112,"href":"https:\/\/tjoyenter.fi\/en\/wp-json\/wp\/v2\/pages\/12\/revisions"}],"predecessor-version":[{"id":1433,"href":"https:\/\/tjoyenter.fi\/en\/wp-json\/wp\/v2\/pages\/12\/revisions\/1433"}],"wp:attachment":[{"href":"https:\/\/tjoyenter.fi\/en\/wp-json\/wp\/v2\/media?parent=12"}],"curies":[{"name":"wp","href":"https:\/\/api.w.org\/{rel}","templated":true}]}}