{"id":1114,"date":"2023-06-09T22:05:29","date_gmt":"2023-06-09T22:05:29","guid":{"rendered":"https:\/\/tjoyenter.fi\/?page_id=1114"},"modified":"2024-04-17T12:29:08","modified_gmt":"2024-04-17T12:29:08","slug":"toinen-terapia","status":"publish","type":"page","link":"https:\/\/tjoyenter.fi\/en\/toinen-terapia\/","title":{"rendered":"Toinen Terapia"},"content":{"rendered":"<div data-elementor-type=\"wp-page\" data-elementor-id=\"1114\" class=\"elementor elementor-1114\">\n\t\t\t\t\t\t\t\t\t<section class=\"elementor-section elementor-top-section elementor-element elementor-element-84af5a3 elementor-section-full_width elementor-section-height-default elementor-section-height-default\" data-id=\"84af5a3\" data-element_type=\"section\">\n\t\t\t\t\t\t<div class=\"elementor-container elementor-column-gap-default\">\n\t\t\t\t\t<div class=\"elementor-column elementor-col-100 elementor-top-column elementor-element elementor-element-c7bd423\" data-id=\"c7bd423\" data-element_type=\"column\">\n\t\t\t<div class=\"elementor-widget-wrap elementor-element-populated\">\n\t\t\t\t\t\t\t\t<div class=\"elementor-element elementor-element-6446cc4 elementor-widget elementor-widget-heading\" data-id=\"6446cc4\" data-element_type=\"widget\" data-widget_type=\"heading.default\">\n\t\t\t\t<div class=\"elementor-widget-container\">\n\t\t\t<style>\/*! elementor - v3.8.0 - 30-10-2022 *\/\n.elementor-heading-title{padding:0;margin:0;line-height:1}.elementor-widget-heading .elementor-heading-title[class*=elementor-size-]>a{color:inherit;font-size:inherit;line-height:inherit}.elementor-widget-heading .elementor-heading-title.elementor-size-small{font-size:15px}.elementor-widget-heading .elementor-heading-title.elementor-size-medium{font-size:19px}.elementor-widget-heading .elementor-heading-title.elementor-size-large{font-size:29px}.elementor-widget-heading .elementor-heading-title.elementor-size-xl{font-size:39px}.elementor-widget-heading .elementor-heading-title.elementor-size-xxl{font-size:59px}<\/style><h5 class=\"elementor-heading-title elementor-size-default\">Bands<\/h5>\t\t<\/div>\n\t\t\t\t<\/div>\n\t\t\t\t<div class=\"elementor-element elementor-element-7339ffe elementor-widget elementor-widget-heading\" data-id=\"7339ffe\" data-element_type=\"widget\" data-widget_type=\"heading.default\">\n\t\t\t\t<div class=\"elementor-widget-container\">\n\t\t\t<h2 class=\"elementor-heading-title elementor-size-default\">Toinen<br>terapia<\/h2>\t\t<\/div>\n\t\t\t\t<\/div>\n\t\t\t\t\t<\/div>\n\t\t<\/div>\n\t\t\t\t\t\t\t<\/div>\n\t\t<\/section>\n\t\t\t\t<section class=\"elementor-section elementor-top-section elementor-element elementor-element-0893f83 elementor-section-full_width elementor-section-height-default elementor-section-height-default\" data-id=\"0893f83\" data-element_type=\"section\" data-settings=\"{&quot;background_background&quot;:&quot;classic&quot;}\">\n\t\t\t\t\t\t<div class=\"elementor-container elementor-column-gap-default\">\n\t\t\t\t\t<div class=\"elementor-column elementor-col-50 elementor-top-column elementor-element elementor-element-edb428e\" data-id=\"edb428e\" data-element_type=\"column\">\n\t\t\t<div class=\"elementor-widget-wrap elementor-element-populated\">\n\t\t\t\t\t\t\t\t<div class=\"elementor-element elementor-element-9c2a852 elementor-widget elementor-widget-image\" data-id=\"9c2a852\" data-element_type=\"widget\" data-widget_type=\"image.default\">\n\t\t\t\t<div class=\"elementor-widget-container\">\n\t\t\t<style>\/*! elementor - v3.8.0 - 30-10-2022 *\/\n.elementor-widget-image{text-align:center}.elementor-widget-image a{display:inline-block}.elementor-widget-image a img[src$=\".svg\"]{width:48px}.elementor-widget-image img{vertical-align:middle;display:inline-block}<\/style>\t\t\t\t\t\t\t\t\t\t\t\t<img width=\"1280\" height=\"1280\" src=\"https:\/\/tjoyenter.fi\/wp-content\/uploads\/2024\/04\/Toinen-Terapia.jpg\" class=\"attachment-full size-full\" alt=\"\" loading=\"lazy\" srcset=\"https:\/\/tjoyenter.fi\/wp-content\/uploads\/2024\/04\/Toinen-Terapia.jpg 1280w, https:\/\/tjoyenter.fi\/wp-content\/uploads\/2024\/04\/Toinen-Terapia-300x300.jpg 300w, https:\/\/tjoyenter.fi\/wp-content\/uploads\/2024\/04\/Toinen-Terapia-1024x1024.jpg 1024w, https:\/\/tjoyenter.fi\/wp-content\/uploads\/2024\/04\/Toinen-Terapia-150x150.jpg 150w, https:\/\/tjoyenter.fi\/wp-content\/uploads\/2024\/04\/Toinen-Terapia-768x768.jpg 768w, https:\/\/tjoyenter.fi\/wp-content\/uploads\/2024\/04\/Toinen-Terapia-12x12.jpg 12w, https:\/\/tjoyenter.fi\/wp-content\/uploads\/2024\/04\/Toinen-Terapia-600x600.jpg 600w, https:\/\/tjoyenter.fi\/wp-content\/uploads\/2024\/04\/Toinen-Terapia-100x100.jpg 100w\" sizes=\"(max-width: 1280px) 100vw, 1280px\" \/>\t\t\t\t\t\t\t\t\t\t\t\t\t\t\t<\/div>\n\t\t\t\t<\/div>\n\t\t\t\t\t<\/div>\n\t\t<\/div>\n\t\t\t\t<div class=\"elementor-column elementor-col-50 elementor-top-column elementor-element elementor-element-799165e\" data-id=\"799165e\" data-element_type=\"column\">\n\t\t\t<div class=\"elementor-widget-wrap elementor-element-populated\">\n\t\t\t\t\t\t\t\t<div class=\"elementor-element elementor-element-9780175 elementor-widget elementor-widget-heading\" data-id=\"9780175\" data-element_type=\"widget\" data-widget_type=\"heading.default\">\n\t\t\t\t<div class=\"elementor-widget-container\">\n\t\t\t<h2 class=\"elementor-heading-title elementor-size-default\">Who we are?<\/h2>\t\t<\/div>\n\t\t\t\t<\/div>\n\t\t\t\t<div class=\"elementor-element elementor-element-9ed052e elementor-widget elementor-widget-text-editor\" data-id=\"9ed052e\" data-element_type=\"widget\" data-widget_type=\"text-editor.default\">\n\t\t\t\t<div class=\"elementor-widget-container\">\n\t\t\t<style>\/*! elementor - v3.8.0 - 30-10-2022 *\/\n.elementor-widget-text-editor.elementor-drop-cap-view-stacked .elementor-drop-cap{background-color:#818a91;color:#fff}.elementor-widget-text-editor.elementor-drop-cap-view-framed .elementor-drop-cap{color:#818a91;border:3px solid;background-color:transparent}.elementor-widget-text-editor:not(.elementor-drop-cap-view-default) .elementor-drop-cap{margin-top:8px}.elementor-widget-text-editor:not(.elementor-drop-cap-view-default) .elementor-drop-cap-letter{width:1em;height:1em}.elementor-widget-text-editor .elementor-drop-cap{float:left;text-align:center;line-height:1;font-size:50px}.elementor-widget-text-editor .elementor-drop-cap-letter{display:inline-block}<\/style>\t\t\t\t<p>Toinen Terapia on. Se vaan on. Hyp\u00e4tk\u00e4\u00e4 kyytiin tai olkaa hypp\u00e4\u00e4m\u00e4tt\u00e4. J\u00e4lkimm\u00e4isen tapahtuessa, emme ota vastuuta. Muuten saa soitella.<\/p>\t\t\t\t\t\t<\/div>\n\t\t\t\t<\/div>\n\t\t\t\t<div class=\"elementor-element elementor-element-0fd2716 elementor-widget elementor-widget-heading\" data-id=\"0fd2716\" data-element_type=\"widget\" data-widget_type=\"heading.default\">\n\t\t\t\t<div class=\"elementor-widget-container\">\n\t\t\t<h2 class=\"elementor-heading-title elementor-size-default\">Listen to us by clicking the logo!<\/h2>\t\t<\/div>\n\t\t\t\t<\/div>\n\t\t\t\t<div class=\"elementor-element elementor-element-e99c83a elementor-widget elementor-widget-image\" data-id=\"e99c83a\" data-element_type=\"widget\" data-widget_type=\"image.default\">\n\t\t\t\t<div class=\"elementor-widget-container\">\n\t\t\t\t\t\t\t\t\t\t\t\t\t\t\t\t<a href=\"https:\/\/open.spotify.com\/artist\/3VqYIqkivYPb36iQpZUPH2?si=fc5B_UucS2GB0RJlEx7teg\" target=\"_blank\" rel=\"noopener\">\n\t\t\t\t\t\t\t<img width=\"800\" height=\"240\" src=\"https:\/\/tjoyenter.fi\/wp-content\/uploads\/2022\/08\/Spotify_Logo_CMYK_White-1024x307.png\" class=\"attachment-large size-large\" alt=\"\" loading=\"lazy\" srcset=\"https:\/\/tjoyenter.fi\/wp-content\/uploads\/2022\/08\/Spotify_Logo_CMYK_White-1024x307.png 1024w, https:\/\/tjoyenter.fi\/wp-content\/uploads\/2022\/08\/Spotify_Logo_CMYK_White-300x90.png 300w, https:\/\/tjoyenter.fi\/wp-content\/uploads\/2022\/08\/Spotify_Logo_CMYK_White-768x230.png 768w, https:\/\/tjoyenter.fi\/wp-content\/uploads\/2022\/08\/Spotify_Logo_CMYK_White-1536x460.png 1536w, https:\/\/tjoyenter.fi\/wp-content\/uploads\/2022\/08\/Spotify_Logo_CMYK_White-2048x614.png 2048w, https:\/\/tjoyenter.fi\/wp-content\/uploads\/2022\/08\/Spotify_Logo_CMYK_White-600x180.png 600w\" sizes=\"(max-width: 800px) 100vw, 800px\" \/>\t\t\t\t\t\t\t\t<\/a>\n\t\t\t\t\t\t\t\t\t\t\t\t\t\t\t<\/div>\n\t\t\t\t<\/div>\n\t\t\t\t\t<\/div>\n\t\t<\/div>\n\t\t\t\t\t\t\t<\/div>\n\t\t<\/section>\n\t\t\t\t<section class=\"elementor-section elementor-top-section elementor-element elementor-element-200e585 elementor-section-boxed elementor-section-height-default elementor-section-height-default\" data-id=\"200e585\" data-element_type=\"section\" data-settings=\"{&quot;background_background&quot;:&quot;classic&quot;}\">\n\t\t\t\t\t\t<div class=\"elementor-container elementor-column-gap-default\">\n\t\t\t\t\t<div class=\"elementor-column elementor-col-100 elementor-top-column elementor-element elementor-element-df72e80\" data-id=\"df72e80\" data-element_type=\"column\">\n\t\t\t<div class=\"elementor-widget-wrap elementor-element-populated\">\n\t\t\t\t\t\t\t\t<div class=\"elementor-element elementor-element-b2d5011 elementor-widget elementor-widget-html\" data-id=\"b2d5011\" data-element_type=\"widget\" data-widget_type=\"html.default\">\n\t\t\t\t<div class=\"elementor-widget-container\">\n\t\t\t<iframe style=\"border-radius:12px\" src=\"https:\/\/open.spotify.com\/embed\/artist\/3VqYIqkivYPb36iQpZUPH2?utm_source=generator\" width=\"100%\" height=\"352\" frameborder=\"0\" allowfullscreen=\"\" allow=\"autoplay; clipboard-write; encrypted-media; fullscreen; picture-in-picture\" loading=\"lazy\"><\/iframe>\t\t<\/div>\n\t\t\t\t<\/div>\n\t\t\t\t\t<\/div>\n\t\t<\/div>\n\t\t\t\t\t\t\t<\/div>\n\t\t<\/section>\n\t\t\t\t\t\t\t<\/div>","protected":false},"excerpt":{"rendered":"<p>B\u00c4NDIT Toinenterapia Keit\u00e4 me ollaan? Toinen Terapia on. Se vaan on. Hyp\u00e4tk\u00e4\u00e4 kyytiin tai olkaa hypp\u00e4\u00e4m\u00e4tt\u00e4. J\u00e4lkimm\u00e4isen tapahtuessa, emme ota vastuuta. Muuten saa soitella. Kuuntele meit\u00e4 klikkaamalla logoja!<\/p>","protected":false},"author":1,"featured_media":0,"parent":0,"menu_order":0,"comment_status":"closed","ping_status":"closed","template":"","meta":[],"_links":{"self":[{"href":"https:\/\/tjoyenter.fi\/en\/wp-json\/wp\/v2\/pages\/1114"}],"collection":[{"href":"https:\/\/tjoyenter.fi\/en\/wp-json\/wp\/v2\/pages"}],"about":[{"href":"https:\/\/tjoyenter.fi\/en\/wp-json\/wp\/v2\/types\/page"}],"author":[{"embeddable":true,"href":"https:\/\/tjoyenter.fi\/en\/wp-json\/wp\/v2\/users\/1"}],"replies":[{"embeddable":true,"href":"https:\/\/tjoyenter.fi\/en\/wp-json\/wp\/v2\/comments?post=1114"}],"version-history":[{"count":10,"href":"https:\/\/tjoyenter.fi\/en\/wp-json\/wp\/v2\/pages\/1114\/revisions"}],"predecessor-version":[{"id":1244,"href":"https:\/\/tjoyenter.fi\/en\/wp-json\/wp\/v2\/pages\/1114\/revisions\/1244"}],"wp:attachment":[{"href":"https:\/\/tjoyenter.fi\/en\/wp-json\/wp\/v2\/media?parent=1114"}],"curies":[{"name":"wp","href":"https:\/\/api.w.org\/{rel}","templated":true}]}}